{"id":15,"date":"2021-12-03T15:12:56","date_gmt":"2021-12-03T14:12:56","guid":{"rendered":"http:\/\/www.tv2000.it\/agrinet\/?page_id=15"},"modified":"2026-01-26T13:24:21","modified_gmt":"2026-01-26T12:24:21","slug":"la-conduttrice","status":"publish","type":"page","link":"https:\/\/www.tv2000.it\/agrinet\/la-conduttrice\/","title":{"rendered":"La conduttrice"},"content":{"rendered":"<p><strong><img decoding=\"async\" class=\"alignleft wp-image-10\" src=\"https:\/\/www.tv2000.it\/agrinet\/wp-content\/uploads\/sites\/67\/2021\/12\/la-conduttrice_agrinet.jpg\" alt=\"\" width=\"549\" height=\"366\" srcset=\"https:\/\/www.tv2000.it\/agrinet\/wp-content\/uploads\/sites\/67\/2021\/12\/la-conduttrice_agrinet.jpg 800w, https:\/\/www.tv2000.it\/agrinet\/wp-content\/uploads\/sites\/67\/2021\/12\/la-conduttrice_agrinet-300x200.jpg 300w, https:\/\/www.tv2000.it\/agrinet\/wp-content\/uploads\/sites\/67\/2021\/12\/la-conduttrice_agrinet-768x512.jpg 768w, https:\/\/www.tv2000.it\/agrinet\/wp-content\/uploads\/sites\/67\/2021\/12\/la-conduttrice_agrinet-41x27.jpg 41w, https:\/\/www.tv2000.it\/agrinet\/wp-content\/uploads\/sites\/67\/2021\/12\/la-conduttrice_agrinet-280x187.jpg 280w, https:\/\/www.tv2000.it\/agrinet\/wp-content\/uploads\/sites\/67\/2021\/12\/la-conduttrice_agrinet-650x433.jpg 650w\" sizes=\"(max-width: 549px) 100vw, 549px\" \/>Francesca Magnoni<\/strong><\/p>\n<p>Riminese, laureata in Economia e Commercio all\u2019Universit\u00e0 di Bologna, dal 2007 lavora presso Gruppo Icaro, il network multimediale riminese che comprende Icaro TV, Radio Icaro, la testata online newsrimini.it e una casa di produzione audiovisiva. \u00c8 impegnata in tutti i media del gruppo come giornalista pubblicista, conduttrice, autrice e assistente alla produzione per format televisivi e radiofonici. Parallelamente, si \u00e8 specializzata nella progettazione e gestione di progetti europei e internazionali legati alla comunicazione, maturando una conoscenza approfondita delle politiche dell\u2019Unione Europea e dei programmi di finanziamento comunitari.<\/p>\n<p>Appassionata di viaggi e da sempre curiosa di conoscere nuove storie e nuovi luoghi, si \u00e8 avvicinata al tema della sostenibilit\u00e0 in agricoltura gi\u00e0 dal 2016, approfondendo il ruolo strategico della Politica Agricola Comunitaria (PAC) come strumento fondamentale per accompagnare la transizione ecologica del settore primario, sostenere i giovani agricoltori, valorizzare le aree rurali e promuovere modelli produttivi innovativi e rispettosi della biodiversit\u00e0. In questo percorso ha raccontato come gli interventi della PAC, dagli ecoschemi allo sviluppo rurale, possano tradursi in opportunit\u00e0 concrete per le aziende agricole e i territori.<\/p>\n<p>\u00c8 autrice e conduttrice del programma televisivo \u201cNew Farmers. Un viaggio tra i nuovi agricoltori\u201d, andato in onda su TV2000 fino al 2019, un racconto itinerante delle nuove generazioni di agricoltori che, anche grazie al sostegno delle politiche comunitarie, sperimentano pratiche di agricoltura sostenibile, multifunzionale e orientata all\u2019economia circolare. Condivide con i colleghi della troupe, con cui viaggia attraverso l\u2019Italia, la passione per i territori pi\u00f9 diversi, convinta che ciascuno di essi sappia esprimere piccoli tesori e un patrimonio unico di saperi locali, in linea con gli obiettivi europei di tutela della biodiversit\u00e0 e di coesione territoriale. Nel 2022 con la puntata di Agrinet il futuro in campo &#8220;<a href=\"https:\/\/www.youtube.com\/watch?v=VuQNensgP28\">L&#8217;economia circolare e virtuosa della Valle Isarco per la produzione lattiero-casearia<\/a>&#8221; ha vinto il 2\u00b0 premio della <a href=\"https:\/\/journalismawards.eitfood.eu\/it\/\"><strong>III Edizione del Premio di Giornalismo Agroalimentare EIT Food<\/strong><\/a><strong>.<\/strong><\/p>\n","protected":false},"excerpt":{"rendered":"Francesca Magnoni Riminese, laureata in Economia e Commercio all\u2019Universit\u00e0 di Bologna, dal 2007 lavora presso Gruppo Icaro, il network multimediale riminese che comprende Icaro TV, Radio Icaro, la testata online newsrimini.it e una casa di produzione audiovisiva. \u00c8 impegnata in tutti i media del gruppo come giornalista pubblicista, conduttrice, autrice e assistente alla produzione per [&hellip;]","protected":false},"author":6,"featured_media":0,"parent":0,"menu_order":0,"comment_status":"closed","ping_status":"closed","template":"","meta":{"_acf_changed":false,"footnotes":""},"class_list":["post-15","page","type-page","status-publish","hentry"],"acf":[],"aioseo_notices":[],"_links":{"self":[{"href":"https:\/\/www.tv2000.it\/agrinet\/wp-json\/wp\/v2\/pages\/15","targetHints":{"allow":["GET"]}}],"collection":[{"href":"https:\/\/www.tv2000.it\/agrinet\/wp-json\/wp\/v2\/pages"}],"about":[{"href":"https:\/\/www.tv2000.it\/agrinet\/wp-json\/wp\/v2\/types\/page"}],"author":[{"embeddable":true,"href":"https:\/\/www.tv2000.it\/agrinet\/wp-json\/wp\/v2\/users\/6"}],"replies":[{"embeddable":true,"href":"https:\/\/www.tv2000.it\/agrinet\/wp-json\/wp\/v2\/comments?post=15"}],"version-history":[{"count":6,"href":"https:\/\/www.tv2000.it\/agrinet\/wp-json\/wp\/v2\/pages\/15\/revisions"}],"predecessor-version":[{"id":1563,"href":"https:\/\/www.tv2000.it\/agrinet\/wp-json\/wp\/v2\/pages\/15\/revisions\/1563"}],"wp:attachment":[{"href":"https:\/\/www.tv2000.it\/agrinet\/wp-json\/wp\/v2\/media?parent=15"}],"curies":[{"name":"wp","href":"https:\/\/api.w.org\/{rel}","templated":true}]}}