{"id":11,"date":"2022-12-05T13:46:30","date_gmt":"2022-12-05T12:46:30","guid":{"rendered":"https:\/\/www.tv2000.it\/agrinet4edu\/?page_id=11"},"modified":"2023-12-13T09:48:23","modified_gmt":"2023-12-13T08:48:23","slug":"la-conduttrice","status":"publish","type":"page","link":"https:\/\/www.tv2000.it\/agrinet4edu\/la-conduttrice\/","title":{"rendered":"La conduttrice"},"content":{"rendered":"<p>&nbsp;<\/p>\n<p><a href=\"https:\/\/www.tv2000.it\/agrinet4edu\/wp-content\/uploads\/sites\/74\/2022\/12\/foto-la-conduttrice.jpg\"><img decoding=\"async\" class=\"alignleft size-medium wp-image-40\" src=\"https:\/\/www.tv2000.it\/agrinet4edu\/wp-content\/uploads\/sites\/74\/2022\/12\/foto-la-conduttrice-200x300.jpg\" alt=\"Francesca Magnoni\" width=\"200\" height=\"300\" srcset=\"https:\/\/www.tv2000.it\/agrinet4edu\/wp-content\/uploads\/sites\/74\/2022\/12\/foto-la-conduttrice-200x300.jpg 200w, https:\/\/www.tv2000.it\/agrinet4edu\/wp-content\/uploads\/sites\/74\/2022\/12\/foto-la-conduttrice-683x1024.jpg 683w, https:\/\/www.tv2000.it\/agrinet4edu\/wp-content\/uploads\/sites\/74\/2022\/12\/foto-la-conduttrice-768x1152.jpg 768w, https:\/\/www.tv2000.it\/agrinet4edu\/wp-content\/uploads\/sites\/74\/2022\/12\/foto-la-conduttrice-1024x1536.jpg 1024w, https:\/\/www.tv2000.it\/agrinet4edu\/wp-content\/uploads\/sites\/74\/2022\/12\/foto-la-conduttrice-18x27.jpg 18w, https:\/\/www.tv2000.it\/agrinet4edu\/wp-content\/uploads\/sites\/74\/2022\/12\/foto-la-conduttrice-280x420.jpg 280w, https:\/\/www.tv2000.it\/agrinet4edu\/wp-content\/uploads\/sites\/74\/2022\/12\/foto-la-conduttrice-650x975.jpg 650w, https:\/\/www.tv2000.it\/agrinet4edu\/wp-content\/uploads\/sites\/74\/2022\/12\/foto-la-conduttrice.jpg 1280w\" sizes=\"(max-width: 200px) 100vw, 200px\" \/><\/a><strong>Francesca Magnoni<\/strong><\/p>\n<p>Riminese, laureata in Economia e Commercio a Bologna, dal 2007 lavora al Gruppo Icaro, il network multimediale riminese che comprende Icaro TV, Radio Icaro, la testata online newsrimini.it e la societ\u00e0 di produzione audiovisiva Bottega Video. E\u2019 impegnata in tutti i media del gruppo come giornalista pubblicista, conduttrice, autrice, assistente alla produzione per format televisivi e radiofonici. E\u2019 anche specializzata nella progettazione e gestione di progetti europei ed internazionali legati alla comunicazione. Appassionata di viaggi e curiosa di conoscere sempre nuove storie e nuovi luoghi, si \u00e8 avvicinata al tema della sostenibilit\u00e0 in agricoltura gi\u00e0 dal 2016, come autrice e conduttrice del programma, \u201cNew Farmers. Un viaggio tra i nuovi agricoltori\u201d, andato in onda su Tv2000 fino al 2019 . Dal 2022 &nbsp;il programma in onda su Tv2000&nbsp; &nbsp;\u00e8 diventato \u201cAgrinet: il futuro in campo\u201d<\/p>\n<p>Nel novembre 2022 la giornalista si \u00e8 aggiudicata il secondo premio alla terza edizione del <a href=\"https:\/\/journalismawards.eitfood.eu\/it\/\">Premio di Giornalismo Agroalimentare EIT&nbsp;<\/a><a href=\"https:\/\/journalismawards.eitfood.eu\/it\/\">Food<\/a>&nbsp; con una puntata di \u201cAgrinet il futuro in campo\u201d dedicata all&#8217;economia circolare in Valle Isarco.<\/p>\n","protected":false},"excerpt":{"rendered":"&nbsp; Francesca Magnoni Riminese, laureata in Economia e Commercio a Bologna, dal 2007 lavora al Gruppo Icaro, il network multimediale riminese che comprende Icaro TV, Radio Icaro, la testata online newsrimini.it e la societ\u00e0 di produzione audiovisiva Bottega Video. E\u2019 impegnata in tutti i media del gruppo come giornalista pubblicista, conduttrice, autrice, assistente alla produzione [&hellip;]","protected":false},"author":9,"featured_media":40,"parent":0,"menu_order":0,"comment_status":"closed","ping_status":"closed","template":"","meta":{"_acf_changed":false,"footnotes":""},"class_list":["post-11","page","type-page","status-publish","has-post-thumbnail","hentry"],"acf":[],"aioseo_notices":[],"_links":{"self":[{"href":"https:\/\/www.tv2000.it\/agrinet4edu\/wp-json\/wp\/v2\/pages\/11","targetHints":{"allow":["GET"]}}],"collection":[{"href":"https:\/\/www.tv2000.it\/agrinet4edu\/wp-json\/wp\/v2\/pages"}],"about":[{"href":"https:\/\/www.tv2000.it\/agrinet4edu\/wp-json\/wp\/v2\/types\/page"}],"author":[{"embeddable":true,"href":"https:\/\/www.tv2000.it\/agrinet4edu\/wp-json\/wp\/v2\/users\/9"}],"replies":[{"embeddable":true,"href":"https:\/\/www.tv2000.it\/agrinet4edu\/wp-json\/wp\/v2\/comments?post=11"}],"version-history":[{"count":6,"href":"https:\/\/www.tv2000.it\/agrinet4edu\/wp-json\/wp\/v2\/pages\/11\/revisions"}],"predecessor-version":[{"id":648,"href":"https:\/\/www.tv2000.it\/agrinet4edu\/wp-json\/wp\/v2\/pages\/11\/revisions\/648"}],"wp:featuredmedia":[{"embeddable":true,"href":"https:\/\/www.tv2000.it\/agrinet4edu\/wp-json\/wp\/v2\/media\/40"}],"wp:attachment":[{"href":"https:\/\/www.tv2000.it\/agrinet4edu\/wp-json\/wp\/v2\/media?parent=11"}],"curies":[{"name":"wp","href":"https:\/\/api.w.org\/{rel}","templated":true}]}}