{"id":6,"date":"2017-01-15T19:40:03","date_gmt":"2017-01-15T18:40:03","guid":{"rendered":"http:\/\/www.tv2000.it\/avantiilprossimo\/?page_id=6"},"modified":"2018-07-03T15:41:58","modified_gmt":"2018-07-03T13:41:58","slug":"il-programma","status":"publish","type":"page","link":"https:\/\/www.tv2000.it\/avantiilprossimo\/il-programma\/","title":{"rendered":"Il Programma"},"content":{"rendered":"<p>Mettere in primo piano le persone, le loro idee, le loro esperienze. Conoscerle, farle conoscere, per poi invitarle ad un confronto serrato e sincero.<br \/>\nE\u2019 questo l\u2019obiettivo di \u201cAvanti il prossimo\u201d, il talk show di Tv2000 che in prima serata si occupa di attualit\u00e0, societ\u00e0, economia e politica.<br \/>\nUno dopo l\u2019altro gli ospiti del programma entrano in studio, raccontando prima la propria storia, la propria proposta, la propria posizione, per poi confrontarsi con gli altri in un dialogo che cresce e si allarga.<br \/>\nAvanti il prossimo \u00e8 dunque il titolo di una modalit\u00e0 di racconto, che offre percorsi di approfondimento e di chiarezza ai telespettatori. Ma \u00e8 anche un invito a non dimenticare quel \u201cprossimo\u201d che per la dottrina sociale della Chiesa \u00e8 al centro dell\u2019azione della societ\u00e0, della politica, della comunit\u00e0.<br \/>\nChi vive in prima persona difficolt\u00e0, disagi, dolori \u00e8 messo a confronto con quanti, per ruolo sociale e istituzionale, sono chiamati ad affrontare quei problemi, ma anche con quanti quegli ostacoli li hanno affrontati, risolti, superati, inventando soluzioni dal basso, riscoprendo percorsi di comunit\u00e0, costruendo nuove soluzioni di welfare.<\/p>\n<p>Da un\u2019idea di Alessandro Sortino<br \/>\nDi Pietro Badaloni, Dario Quarta, Valeria Aloisio e Francesca Mancini<br \/>\nCondotto da Piero Badaloni<\/p>\n<p>&nbsp;<\/p>\n<p style=\"text-align: justify;\"><img decoding=\"async\" class=\"aligncenter size-full wp-image-30\" src=\"http:\/\/www.tv2000.it\/avantiilprossimo\/wp-content\/uploads\/sites\/48\/2017\/01\/Avanti-il-Prossimo-TV2000.jpg\" alt=\"Avanti il Prossimo TV2000\" width=\"900\" height=\"506\" srcset=\"https:\/\/www.tv2000.it\/avantiilprossimo\/wp-content\/uploads\/sites\/48\/2017\/01\/Avanti-il-Prossimo-TV2000.jpg 900w, https:\/\/www.tv2000.it\/avantiilprossimo\/wp-content\/uploads\/sites\/48\/2017\/01\/Avanti-il-Prossimo-TV2000-300x169.jpg 300w, https:\/\/www.tv2000.it\/avantiilprossimo\/wp-content\/uploads\/sites\/48\/2017\/01\/Avanti-il-Prossimo-TV2000-768x432.jpg 768w, https:\/\/www.tv2000.it\/avantiilprossimo\/wp-content\/uploads\/sites\/48\/2017\/01\/Avanti-il-Prossimo-TV2000-48x27.jpg 48w, https:\/\/www.tv2000.it\/avantiilprossimo\/wp-content\/uploads\/sites\/48\/2017\/01\/Avanti-il-Prossimo-TV2000-280x157.jpg 280w, https:\/\/www.tv2000.it\/avantiilprossimo\/wp-content\/uploads\/sites\/48\/2017\/01\/Avanti-il-Prossimo-TV2000-650x365.jpg 650w\" sizes=\"(max-width: 900px) 100vw, 900px\" \/><\/p>\n","protected":false},"excerpt":{"rendered":"Mettere in primo piano le persone, le loro idee, le loro esperienze. Conoscerle, farle conoscere, per poi invitarle ad un confronto serrato e sincero. E\u2019 questo l\u2019obiettivo di \u201cAvanti il prossimo\u201d, il talk show di Tv2000 che in prima serata si occupa di attualit\u00e0, societ\u00e0, economia e politica. Uno dopo l\u2019altro gli ospiti del programma [&hellip;]","protected":false},"author":6,"featured_media":0,"parent":0,"menu_order":0,"comment_status":"open","ping_status":"open","template":"","meta":{"_acf_changed":false,"footnotes":""},"class_list":["post-6","page","type-page","status-publish","hentry"],"acf":[],"aioseo_notices":[],"_links":{"self":[{"href":"https:\/\/www.tv2000.it\/avantiilprossimo\/wp-json\/wp\/v2\/pages\/6","targetHints":{"allow":["GET"]}}],"collection":[{"href":"https:\/\/www.tv2000.it\/avantiilprossimo\/wp-json\/wp\/v2\/pages"}],"about":[{"href":"https:\/\/www.tv2000.it\/avantiilprossimo\/wp-json\/wp\/v2\/types\/page"}],"author":[{"embeddable":true,"href":"https:\/\/www.tv2000.it\/avantiilprossimo\/wp-json\/wp\/v2\/users\/6"}],"replies":[{"embeddable":true,"href":"https:\/\/www.tv2000.it\/avantiilprossimo\/wp-json\/wp\/v2\/comments?post=6"}],"version-history":[{"count":4,"href":"https:\/\/www.tv2000.it\/avantiilprossimo\/wp-json\/wp\/v2\/pages\/6\/revisions"}],"predecessor-version":[{"id":360,"href":"https:\/\/www.tv2000.it\/avantiilprossimo\/wp-json\/wp\/v2\/pages\/6\/revisions\/360"}],"wp:attachment":[{"href":"https:\/\/www.tv2000.it\/avantiilprossimo\/wp-json\/wp\/v2\/media?parent=6"}],"curies":[{"name":"wp","href":"https:\/\/api.w.org\/{rel}","templated":true}]}}