{"id":202,"date":"2015-05-15T15:09:47","date_gmt":"2015-05-15T13:09:47","guid":{"rendered":"http:\/\/www.tv2000.it\/beativoi\/?page_id=202"},"modified":"2015-07-02T19:45:37","modified_gmt":"2015-07-02T17:45:37","slug":"le-beatitudini","status":"publish","type":"page","link":"https:\/\/www.tv2000.it\/beativoi\/le-beatitudini\/","title":{"rendered":"Le beatitudini di Matteo e Luca"},"content":{"rendered":"<p>&nbsp;<\/p>\n<p>&nbsp;<\/p>\n<p><strong>[Il testo di Matteo Mt. 5,1-12]<\/strong><\/p>\n<p><strong>1 <\/strong>Vedendo le folle, Ges\u00f9 sal\u00ec sul monte: si pose a sedere e si avvicinarono a lui i suoi discepoli.<\/p>\n<p><strong>2 <\/strong>Si mise a parlare e insegnava loro dicendo:<\/p>\n<p><strong>3 <\/strong>\u00abBeati i poveri in spirito, perch\u00e9 di essi \u00e8 il regno dei cieli.<\/p>\n<p><strong>4 <\/strong>Beati quelli che sono nel pianto, perch\u00e9 saranno consolati.<\/p>\n<p><strong>5 <\/strong>Beati i miti, perch\u00e9 avranno in eredit\u00e0 la terra.<\/p>\n<p><strong>6 <\/strong>Beati quelli che hanno fame e sete della giustizia, perch\u00e9 saranno saziati.<\/p>\n<p><strong>7 <\/strong>Beati i misericordiosi, perch\u00e9 troveranno misericordia.<\/p>\n<p><strong>8 <\/strong>Beati i puri di cuore, perch\u00e9 vedranno Dio.<\/p>\n<p><strong>9 <\/strong>Beati gli operatori di pace, perch\u00e9 saranno chiamati figli di Dio.<\/p>\n<p><strong>10 <\/strong>Beati i perseguitati per la giustizia, perch\u00e9 di essi \u00e8 il regno dei cieli.<\/p>\n<p><strong>11 <\/strong>Beati voi quando vi insulteranno, vi perseguiteranno e, mentendo,<\/p>\n<p>diranno ogni sorta di male contro di voi per causa mia.<\/p>\n<p><strong>12 <\/strong>Rallegratevi ed esultate, perch\u00e9 grande \u00e8 la vostra ricompensa nei cieli. Cos\u00ec infatti perseguitarono i profeti che furono prima di voi.<\/p>\n<p>&nbsp;<\/p>\n<p><strong>[Il testo di Luca Lc. 6,20-23]<\/strong><\/p>\n<div class=\"poetry\">\n<p class=\"line\"><span class=\"text Luke-6-20\"><strong>20<\/strong> Alzati gli occhi verso i suoi discepoli, Ges\u00f9 diceva:<br \/>\n<\/span><span class=\"text Luke-6-20\">\u00abBeati voi poveri, <\/span><span class=\"text Luke-6-20\">perch\u00e9 vostro \u00e8 il regno di Dio. <\/span><br \/>\n<span id=\"it-CEI-64836\" class=\"text Luke-6-21\"><strong>21<\/strong> Beati voi che ora avete fame,<\/span><span class=\"text Luke-6-21\">perch\u00e9 sarete saziati. <\/span><span class=\"text Luke-6-21\">Beati voi che ora piangete, <\/span><span class=\"text Luke-6-21\">perch\u00e9 riderete.<\/span><\/p>\n<\/div>\n<p><span id=\"it-CEI-64837\" class=\"text Luke-6-22\"><strong>22<\/strong> Beati voi quando gli uomini vi odieranno e quando vi metteranno al bando e v&#8217;insulteranno e respingeranno il vostro nome come scellerato, a causa del Figlio dell&#8217;uomo.<\/span> <span id=\"it-CEI-64838\" class=\"text Luke-6-23\"><\/span><\/p>\n<p><span id=\"it-CEI-64838\" class=\"text Luke-6-23\"><strong>23<\/strong> Rallegratevi in quel giorno ed esultate, perch\u00e9, ecco, la vostra ricompensa \u00e8 grande nei cieli. Allo stesso modo infatti facevano i loro padri con i profeti.<\/span><\/p>\n<p>&nbsp;<\/p>\n","protected":false},"excerpt":{"rendered":"&nbsp; &nbsp; [Il testo di Matteo Mt. 5,1-12] 1 Vedendo le folle, Ges\u00f9 sal\u00ec sul monte: si pose a sedere e si avvicinarono a lui i suoi discepoli. 2 Si mise a parlare e insegnava loro dicendo: 3 \u00abBeati i poveri in spirito, perch\u00e9 di essi \u00e8 il regno dei cieli. 4 Beati quelli che [&hellip;]","protected":false},"author":15,"featured_media":0,"parent":0,"menu_order":0,"comment_status":"open","ping_status":"open","template":"","meta":{"_acf_changed":false,"footnotes":""},"class_list":["post-202","page","type-page","status-publish","hentry"],"acf":[],"aioseo_notices":[],"_links":{"self":[{"href":"https:\/\/www.tv2000.it\/beativoi\/wp-json\/wp\/v2\/pages\/202","targetHints":{"allow":["GET"]}}],"collection":[{"href":"https:\/\/www.tv2000.it\/beativoi\/wp-json\/wp\/v2\/pages"}],"about":[{"href":"https:\/\/www.tv2000.it\/beativoi\/wp-json\/wp\/v2\/types\/page"}],"author":[{"embeddable":true,"href":"https:\/\/www.tv2000.it\/beativoi\/wp-json\/wp\/v2\/users\/15"}],"replies":[{"embeddable":true,"href":"https:\/\/www.tv2000.it\/beativoi\/wp-json\/wp\/v2\/comments?post=202"}],"version-history":[{"count":7,"href":"https:\/\/www.tv2000.it\/beativoi\/wp-json\/wp\/v2\/pages\/202\/revisions"}],"predecessor-version":[{"id":1501,"href":"https:\/\/www.tv2000.it\/beativoi\/wp-json\/wp\/v2\/pages\/202\/revisions\/1501"}],"wp:attachment":[{"href":"https:\/\/www.tv2000.it\/beativoi\/wp-json\/wp\/v2\/media?parent=202"}],"curies":[{"name":"wp","href":"https:\/\/api.w.org\/{rel}","templated":true}]}}