{"id":781,"date":"2015-06-04T17:59:09","date_gmt":"2015-06-04T15:59:09","guid":{"rendered":"http:\/\/www.tv2000.it\/beativoi\/?page_id=781"},"modified":"2016-05-16T17:00:50","modified_gmt":"2016-05-16T15:00:50","slug":"i-nostri-telespettatori","status":"publish","type":"page","link":"https:\/\/www.tv2000.it\/beativoi\/i-nostri-telespettatori\/","title":{"rendered":"I nostri telespettatori"},"content":{"rendered":"<p><a href=\"http:\/\/www.tv2000.it\/beativoi\/wp-content\/uploads\/sites\/25\/2015\/06\/telespettatori-copertina.jpg\"><img class=\"aligncenter size-full wp-image-793\" src=\"http:\/\/www.tv2000.it\/beativoi\/wp-content\/uploads\/sites\/25\/2015\/06\/telespettatori-copertina.jpg\" alt=\"telespettatori-copertina\" width=\"648\" height=\"216\" srcset=\"https:\/\/www.tv2000.it\/beativoi\/wp-content\/uploads\/sites\/25\/2015\/06\/telespettatori-copertina.jpg 648w, https:\/\/www.tv2000.it\/beativoi\/wp-content\/uploads\/sites\/25\/2015\/06\/telespettatori-copertina-300x100.jpg 300w, https:\/\/www.tv2000.it\/beativoi\/wp-content\/uploads\/sites\/25\/2015\/06\/telespettatori-copertina-81x27.jpg 81w, https:\/\/www.tv2000.it\/beativoi\/wp-content\/uploads\/sites\/25\/2015\/06\/telespettatori-copertina-280x93.jpg 280w\" sizes=\"(max-width: 648px) 100vw, 648px\" \/><\/a><\/p>\n<blockquote><p>&nbsp;<\/p>\n<p><strong>Carissimi, mi avevano parlato di voi, allora ho visto su internet le prime tre puntate delle Beatitudini&#8230;<\/strong> vi faccio i complimenti per la trasmissione:-) E&#8217; intelligente, moderna, vivace, ma al contempo profonda e concreta. Bellissimi i contenuti, finalmente una bella testimonianza cristiana che pu\u00f2 parlare anche ai giovani! Sortino e Scifoni sono bravissimi!<br \/>\nSolo un appunto: capisco che l&#8217;attenzione delle persone oggi cala, per\u00f2 forse cos\u00ec a volte siete troppo frammentati nel senso che ci sono persone che parlano due minuti e stop&#8230;invece sarebbe bello approfondire, poter farle parlare con pi\u00f9 calma, molte volte si resta col desiderio che parlino di pi\u00f9 e c&#8217;\u00e8 gi\u00e0 la prossima persona&#8230;<br \/>\nComunque per tutto il resto complimenti ancora e avanti cos\u00ec! nel nulla pi\u00f9 totale della tv di oggi avete delle idee e soprattutto parlate di una vita bella e piena:-)<\/p>\n<p style=\"text-align: right;\">Caterina<\/p>\n<p><strong>Vi scrivo perch\u00e9 ieri sera ho visto con mio marito Stefano<\/strong> il vostro programma sulle Beatitudini, e mi sono sentita colpita dalla Signora che raccontava che al momento della comunione piangeva perch\u00e9 non poteva farla.<br \/>\nVolevo solo dire che io ora ho la fortuna di poterla fare dal 13.06.2015 in quanto mi sono potuta sposare dopo aver avuto l&#8217;annullamento del mio precedente matrimonio&#8230;ma non posso e non voglio dimenticare quando anche io quando andavo a messa (grazie all&#8217;amore che provavo verso mio marito Stefano) al momento della comunione non facevo altro che piangere e a volte singhiozzare \u00e8 come vedere l&#8217;amore della tua vita che \u00e8 li per te ma \u00e8 dietro ad un vetro e non lo puoi toccare.<br \/>\nVolevo solo dire che (secondo il mio parere sicuramente limitato) questo tipo di sofferenza \u00e8 veramente grande e non meritata!<br \/>\nAlla signora faccio un grande abbraccio e le dico che guardandola e sentendo cosa e come raccontava la sua esperienza mi sono sentita totalmente capita.<\/p>\n<p style=\"text-align: right;\">Grazie a tutti,\u00a0Michela<\/p>\n<p><strong>Magnifici<\/strong>. Profondi. Lievi. Umili. Allegri. Grazie<\/p>\n<p style=\"text-align: right;\">Grazia Parisi, Reggio Emilia<\/p>\n<p>&nbsp;<\/p>\n<p><strong>Ho scoperto tardi questa trasmissione<\/strong>, bellissima vera coinvolgente emozionante&#8230;.ora sul sito le guardo tutte e riascolto riascolto riascolto. Davvero grazie, tornate presto con altro cibo buono.<\/p>\n<p style=\"text-align: right;\">Antonietta<\/p>\n<p>&nbsp;<\/p>\n<p><strong>Vi prego, fatemi un favore personale<\/strong>: mandate le omelie fatte dai Sacerdoti della Vs trasmissione &#8220;Beati voi&#8221; in tutte le parrocchie.\u00a0Nonostante le bacchettate di Papa\u00a0Francesco, ancora ci tocca sorbirci prediche noiose! Ma dove\u00a0le trovate queste mosche bianche, ancora innamorate del Vangelo?<\/p>\n<p style=\"text-align: right;\">Teresa<\/p>\n<\/blockquote>\n<blockquote><p><strong>Infinite grazie ho imparato a volare che superare<\/strong>, le tempeste, mi chiamo Viviana ho 43 anni abito in un paesino dalla Calabria di nome Zumpano, e grazie a TV2000 poesia pi\u00f9 grande \u00e8 il pozzo che vi scava dentro il dolore. pi\u00f9 e facile riempirlo di gioia (Gibran)<\/p><\/blockquote>\n<blockquote><p><strong>Ho seguito tante puntate di Beati Voi,<\/strong> che mi hanno fatto tanto bene.\u00a0 E pi\u00f9 facile di scrivere in inglese per me. Vivo a Malta.<br \/>\nFound the program very uplifting and made me rethink the whole situation in a world around.<br \/>\nThe whole series was transmitted while I was being diagnosed and operated twice for cancer metastases.<br \/>\nBeati Voi gave me a lot of courage to find reason for the experience I was passing through and peace and happiness in trusting my future in the good Lord, Really appreciate.<\/p>\n<p style=\"text-align: right;\">Vincent<\/p>\n<\/blockquote>\n<blockquote><p><strong>Volevo complimentarmi per la trasmissione<\/strong>, con il conduttore Sortino&#8230;\u00a0bravi e grazie per le cose importanti che avete trattato e per la delicatezza con cui le avete proposte&#8230;<br \/>\nSpero di rivedervi presto&#8230; lo spero proprio!<\/p>\n<p style=\"text-align: right;\">Mauro<\/p>\n<\/blockquote>\n<blockquote><p><strong>Voglio condividere con voi la positivit\u00e0 di questo programma<\/strong> che mi ha appassionato molto e spero abbia una continuit\u00e0. Grazie ad Alessandro che per me sei stato una grande rivelazione e altrettanto coraggioso nel portare testimonianza concreta dell&#8217;infinito Amore di Nostro Signore Ges\u00f9 Cristo e al tempo stesso capace di far riflettere in modo comprensibile senza troppi dogmi. Credo che sia una grande Benedizione data da Dio padre che ci vuole sempre pi\u00f9 vicini e uniti al suo Corpo. Grazie e buona continuazione.<\/p>\n<p style=\"text-align: right;\">Silvio<\/p>\n<\/blockquote>\n<blockquote><p><strong>Vi scrivo per farvi molti complimenti per questo bellissimo programma.<\/strong><br \/>\nBella l&#8217;idea, brillante la conduzione, interessanti gli ospiti. una occasione in pi\u00f9 per riflettere senza retorica sul Vangelo e sulle sue risposte. Mi sto riguardando le puntate che ho perso e mi ritrovo. Mi ha colpito tanto la testimonianza di Giorgio Ponte, perch\u00e9 non avevo mai sentito parlare in quel modo una persona &#8220;con desideri omosessuali&#8221;, come lui ha detto di s\u00e9. Ho apprezzato il suo coraggio e incredibilmente mi sono sentita vicino a lui, perch\u00e9 ha usato la parola &#8220;peso&#8221;, che \u00e8 qualcosa che conosco bene e anche in questo caso mi sono riconosciuta, come sempre mi capita quando ci sono persone che si interrogano sulla propria vita, senza escludere che la risposta possa venire da Dio.<br \/>\nGrazie.<\/p>\n<p style=\"text-align: right;\">Mariangela<\/p>\n<\/blockquote>\n<blockquote><p><strong>SVolevo farvi i complimenti per il programma!<\/strong> \u00e8 ben strutturato, Scifoni \u00e8 straordinario e molti degli invitati si ascoltano con piacere (soprattutto mi son piaciuti finora Diego Fusaro, padre Rosini e padre Maurizio Botta). Forse manca un po&#8217; di qualit\u00e0 teologico-biblica ma magari non \u00e8 molto adatta alla televisione.<br \/>\nComunque grazie, e non credete che vi segua solo un pubblico anziano. Chi vi scrive ha 23 anni.<br \/>\nBuon proseguimento!<\/p>\n<p style=\"text-align: right;\">Samuele<\/p>\n<\/blockquote>\n<blockquote><p><strong>Sono un medico geriatra milanese<\/strong>, da quando \u00e8 iniziato seguo con crescente interesse il programma Beati Voi&#8230;<br \/>\nDesidero ringraziare in particolare Giovanni Scifoni: le sue letture e i suoi interventi vanno dritti al cuore di chi ascolta e aiutano in modo intelligente a riflettere sui temi proposti nelle puntate.<br \/>\nSi avverte molto chiaramente che crede in quello che fa e che esprime, mettendoci testa e cuore, decisamente con una marcia in pi\u00f9, una sorta di valore aggiunto che fa la differenza.<br \/>\nMi complimento anche per la scelta degli ospiti e per gli stacchi musicali.<br \/>\nRingraziando per l\u2019attenzione, auguro a tutto il team di Beati Voi un proficuo lavoro e nuove, appassionanti sfide per il futuro.<br \/>\nCordiali saluti.<\/p>\n<p style=\"text-align: right;\">Annamaria<\/p>\n<\/blockquote>\n<blockquote><p><strong>Eccezionale<\/strong>. Sono stanco di una TV che annoia, alla sera ho scelto di fare il pane, la pasta oppure coltivare un piccolo orto per la mia famiglia perch\u00e9 la TV \u00e8 NOIA, ho visto su youtube le prime 2 puntate &#8230; che dire &#8230;. siete l&#8217;esempio che la TV di qualit\u00e0, innovativa che sa parlare al cuore della gente \u00e8 POSSIBILE, Grazie di cuore Alessandro e a tutti gli autori, i vostri servizi lasciano il segno nel cuore di chi vuole Ascoltarli &#8230; con la &#8220;A&#8221;.<\/p>\n<p style=\"text-align: right;\">Gian Mario<\/p>\n<\/blockquote>\n<blockquote><p><strong>Conosco TV2000 ma finora l&#8217;ho seguita raramente.<\/strong><br \/>\nHo visto casulamente la trasmissione Beati Voi e ne sono rimasto sorpreso per quanto stupenda \u00e8 la trasmissione su tutti i punti di vista (sociale, umano, spirituale, dottrinale\u2026) . Indiscutibile l&#8217;altissimo valore artistico di tutti. Finalmente un programma che da una splendida lezione anche alle pi\u00f9 importanti emittenti televisive nazionali. Un ultimo aspetto vorrei sottolineare: l&#8217;efficacia del messaggio evangelico (scevro da dogmatismi, noiose catechesi, linguaggi altisonanti). Complimenti e grazie infinite. Non tralasciate, per favore, questa bellissima impostazione. Non sono abituato a profondermii facilmente in complimenti. Ma questa volta era un dovere e una esigenza personale anche se non sar\u00f2 certamente il primo a commentare positivamente il programma.<\/p>\n<p style=\"text-align: right;\">Piero T.<\/p>\n<\/blockquote>\n<blockquote><p><strong>Volevo complimentarmi con voi tutti: autori, redazione, presentatore<\/strong>, per l&#8217;ottimo programma dal titolo &#8220;Beati Voi&#8221;, finalmente\u00a0un programma intelligente\u00a0nel triste panorama televisivo nazionale.<br \/>\nIl presentatore Dr. Alessandro\u00a0Sortino \u00e8 molto bravo e pone\u00a0le domande in modo\u00a0intelligente\u00a0e delicato a tutti gli ospiti.<br \/>\nAnche le meditazioni conclusive dei sacerdoti sono molto profonde.<br \/>\nBravi! Braviiiiiiiii! Braviiiiiiiiiiiiiiiiiiiii!<\/p>\n<p style=\"text-align: right;\">Dino B. &amp; Family<\/p>\n<\/blockquote>\n<blockquote><p><strong>Buongiorno, non sono una vostra abituale ascoltatrice<\/strong>, ma devo esprimere la mia sincera gratitudine per la serata che ho trascorso in compagnia del programma Beati Voi.<br \/>\nComplimenti per la ricchezza delle testimonianze e i temi affrontati.<br \/>\nNel panorama squallido di trasmissioni che offrono sempre gli stessi contenuti per omologare la gente al pensiero unico, \u00e8 bello poter ascoltare un p\u00f2 di &#8220;Verit\u00e0&#8221;.<\/p>\n<p style=\"text-align: right;\">Elisabetta C.<\/p>\n<\/blockquote>\n<blockquote><p><strong>Ho visto per la prima volta il vostro programma ieri sera<\/strong>. E&#8217; stata una piacevole scoperta. Finalmente qualcosa di vero e profondo, lontano da ogni vuoto frastuono: parole quasi sussurrate, esperienze che toccano le fibre pi\u00f9 intime del nostro essere, perch\u00e9 tutti abbiamo carne e spirito intessuti nel dolore.<\/p>\n<p style=\"text-align: right;\">Grazia F.<\/p>\n<\/blockquote>\n<blockquote><p><strong>Mi avete fregato ieri<\/strong> sera perch\u00e9 in basso a sinistra la scritta &#8220;Beati Voi&#8221; si leggeva come &#8220;Beat&#8221; e perch\u00e9 quando giravo ho pescato il comico romano con la camicia nera che mi faceva ridere. Mi avete pescato e poi ho trovato una trasmissione che finalmente non rinuncia ad avere un capo e dei piedi. Non rinuncia a sostenere una tesi ed argomentarla, non rinuncia a sostenere il dialogo incalzante con gli ospiti anche a costo di bruciare l&#8217;intervista. Non rinuncia ad avere canzoni bellissime , cantate in maniera originale che abbiano un senso coerente con ci\u00f2 che si sta dicendo. Beati voi per il bene che fa questa trasmissione! Continuate cos\u00ec, anche con le interviste in via Cola di Rienzo che ammettono il pubblico di ogni tv in tv2000! Continuate soprattutto nello scegliere testimoni credibili, come avete fatto ieri!<\/p>\n<p style=\"text-align: right;\">Giuseppe L.<\/p>\n<\/blockquote>\n<blockquote><p><strong>Mi e piaciuto tutto perch\u00e9 ha rispecchiato lo stato d&#8217;animo<\/strong>. Degli italiani che soffrono per la perdita del loro lavoro e per la grande preoccupazione da parte dei genitori per i loro figli io sono una di quelle persone in pi\u00f9 invalida la testimonianza delle piccole sorelle dell&#8217;agnello mendicanti mi ha toccato il cuore e mi ha fatto capire che devo continuare a lottare con le mie deboli forze per amore del bene comune desidererei tanto incontrarle e invitarle se accettano a pranzo a casa mia sarebbe un grande dono. Ho lavorato fino al 92 presso un societ\u00e0 petrolifera francese poi hanno chiuso creandovi tutti i problemi che sappiamo ma la fede e la voglia di lottare per i pi\u00f9 deboli non mi fanno arrendere. Credo che il Signore ci stia chiedendo di prenderci cura gli uni degli altri con molta delicatezza ma con altrettanta fermezza. Complimenti per la trasmissione e complimenti al conduttore per la freschezza e lo slancio in cui ha svolto la trasmissione.<\/p>\n<p style=\"text-align: right;\">Martoglio<\/p>\n<\/blockquote>\n<blockquote><p><strong>Ragazzi vi volevo ringraziare<\/strong> perch\u00e9 ieri ci avete fatto passare una bella serata. Temi difficili, s\u00ec, ma riflettere fa sempre bene, soprattutto se Dio ci guida nel farlo. Siamo stati sul divano, in silenzio per tutto il tempo, come se fossimo ad una catechesi. Bravi, continuate cos\u00ec. Ah, sono nata in provincia di Frosinone, come il carpentiere di cui Alessandro raccontava le gesta.<\/p>\n<p style=\"text-align: right;\">Alessandra C.<\/p>\n<\/blockquote>\n","protected":false},"excerpt":{"rendered":"&nbsp; Carissimi, mi avevano parlato di voi, allora ho visto su internet le prime tre puntate delle Beatitudini&#8230; vi faccio i complimenti per la trasmissione:-) E&#8217; intelligente, moderna, vivace, ma al contempo profonda e concreta. Bellissimi i contenuti, finalmente una bella testimonianza cristiana che pu\u00f2 parlare anche ai giovani! Sortino e Scifoni sono bravissimi! Solo [&hellip;]","protected":false},"author":20,"featured_media":793,"parent":0,"menu_order":0,"comment_status":"closed","ping_status":"closed","template":"","meta":[],"acf":[],"aioseo_notices":[],"_links":{"self":[{"href":"https:\/\/www.tv2000.it\/beativoi\/wp-json\/wp\/v2\/pages\/781"}],"collection":[{"href":"https:\/\/www.tv2000.it\/beativoi\/wp-json\/wp\/v2\/pages"}],"about":[{"href":"https:\/\/www.tv2000.it\/beativoi\/wp-json\/wp\/v2\/types\/page"}],"author":[{"embeddable":true,"href":"https:\/\/www.tv2000.it\/beativoi\/wp-json\/wp\/v2\/users\/20"}],"replies":[{"embeddable":true,"href":"https:\/\/www.tv2000.it\/beativoi\/wp-json\/wp\/v2\/comments?post=781"}],"version-history":[{"count":28,"href":"https:\/\/www.tv2000.it\/beativoi\/wp-json\/wp\/v2\/pages\/781\/revisions"}],"predecessor-version":[{"id":3556,"href":"https:\/\/www.tv2000.it\/beativoi\/wp-json\/wp\/v2\/pages\/781\/revisions\/3556"}],"wp:featuredmedia":[{"embeddable":true,"href":"https:\/\/www.tv2000.it\/beativoi\/wp-json\/wp\/v2\/media\/793"}],"wp:attachment":[{"href":"https:\/\/www.tv2000.it\/beativoi\/wp-json\/wp\/v2\/media?parent=781"}],"curies":[{"name":"wp","href":"https:\/\/api.w.org\/{rel}","templated":true}]}}