{"id":9,"date":"2015-05-14T10:37:51","date_gmt":"2015-05-14T08:37:51","guid":{"rendered":"http:\/\/www.tv2000.it\/beativoi\/?page_id=9"},"modified":"2020-01-28T15:54:44","modified_gmt":"2020-01-28T14:54:44","slug":"squadra","status":"publish","type":"page","link":"https:\/\/www.tv2000.it\/beativoi\/squadra\/","title":{"rendered":"La squadra"},"content":{"rendered":"<h3>Beatrice Fazi<\/h3>\n<p><img decoding=\"async\" class=\"alignleft wp-image-7186\" src=\"https:\/\/www.tv2000.it\/beativoi\/wp-content\/uploads\/sites\/25\/2019\/01\/034-Beati-Voi_Beatrice-Fazi_interno_bassa-683x1024.jpg\" alt=\"\" width=\"450\" height=\"674\" srcset=\"https:\/\/www.tv2000.it\/beativoi\/wp-content\/uploads\/sites\/25\/2019\/01\/034-Beati-Voi_Beatrice-Fazi_interno_bassa-683x1024.jpg 683w, https:\/\/www.tv2000.it\/beativoi\/wp-content\/uploads\/sites\/25\/2019\/01\/034-Beati-Voi_Beatrice-Fazi_interno_bassa-200x300.jpg 200w, https:\/\/www.tv2000.it\/beativoi\/wp-content\/uploads\/sites\/25\/2019\/01\/034-Beati-Voi_Beatrice-Fazi_interno_bassa-768x1151.jpg 768w, https:\/\/www.tv2000.it\/beativoi\/wp-content\/uploads\/sites\/25\/2019\/01\/034-Beati-Voi_Beatrice-Fazi_interno_bassa-18x27.jpg 18w, https:\/\/www.tv2000.it\/beativoi\/wp-content\/uploads\/sites\/25\/2019\/01\/034-Beati-Voi_Beatrice-Fazi_interno_bassa-280x420.jpg 280w, https:\/\/www.tv2000.it\/beativoi\/wp-content\/uploads\/sites\/25\/2019\/01\/034-Beati-Voi_Beatrice-Fazi_interno_bassa-650x974.jpg 650w, https:\/\/www.tv2000.it\/beativoi\/wp-content\/uploads\/sites\/25\/2019\/01\/034-Beati-Voi_Beatrice-Fazi_interno_bassa.jpg 1415w\" sizes=\"(max-width: 450px) 100vw, 450px\" \/>Inizia a recitare a 14 anni a Sa\u00adlerno con il Teatro San Genesio. Attrice di teatro, cine\u00adma e televisione, \u00e8 nota al grande pubblico per la fiction <em>Un medico in famiglia.<\/em>&nbsp;Fra una tourn\u00e9e e l\u2019altra \u00e8 mamma tuttofare di quattro bellissimi ragazzi.<\/p>\n<p><a href=\"https:\/\/twitter.com\/beatricefazi\" target=\"_blank\" rel=\"noopener\"><img decoding=\"async\" class=\"alignnone wp-image-7189\" src=\"https:\/\/www.tv2000.it\/beativoi\/wp-content\/uploads\/sites\/25\/2019\/01\/twitter_logo-150x150.png\" alt=\"\" width=\"50\" height=\"50\" srcset=\"https:\/\/www.tv2000.it\/beativoi\/wp-content\/uploads\/sites\/25\/2019\/01\/twitter_logo-150x150.png 150w, https:\/\/www.tv2000.it\/beativoi\/wp-content\/uploads\/sites\/25\/2019\/01\/twitter_logo-300x300.png 300w, https:\/\/www.tv2000.it\/beativoi\/wp-content\/uploads\/sites\/25\/2019\/01\/twitter_logo-27x27.png 27w, https:\/\/www.tv2000.it\/beativoi\/wp-content\/uploads\/sites\/25\/2019\/01\/twitter_logo-280x280.png 280w, https:\/\/www.tv2000.it\/beativoi\/wp-content\/uploads\/sites\/25\/2019\/01\/twitter_logo-188x188.png 188w, https:\/\/www.tv2000.it\/beativoi\/wp-content\/uploads\/sites\/25\/2019\/01\/twitter_logo-120x120.png 120w, https:\/\/www.tv2000.it\/beativoi\/wp-content\/uploads\/sites\/25\/2019\/01\/twitter_logo.png 350w\" sizes=\"(max-width: 50px) 100vw, 50px\" \/><\/a><\/p>\n<h2 style=\"text-align: center;\">&nbsp;<\/h2>\n<p>&nbsp;<\/p>\n<h3>&nbsp;<\/h3>\n<div class=\"mceTemp\">&nbsp;<\/div>\n<p>&nbsp;<\/p>\n<p><strong>Antonio Antonelli &#8211; capoprogetto<\/strong><br \/>\nDa sempre attratto dal mondo della comunicazione a 23 anni fonda una societ\u00e0 di video grafica e montaggi digitali. Per aumentare il fatturato scrive e gira spot pubblicitari, video musicali e documentari. Infine mette un piede nel cinema firmando un film corale con i fratelli Manetti, Alex Infascelli e Asia Argento. A trent\u2019anni, dopo una lunghissima gavetta, firma il suo primo contratto di sceneggiatura ed entra nel mondo della fiction tv, partecipando ad imprese come \u201cDon Matteo\u201d, \u201cDistretto di Polizia\u201d, \u201cLa Squadra\u201d, \u201cI Cesaroni\u201d, \u201cNotte prima degli esami 82\u201d, \u201cBenvenuti a Tavola\u201d, \u201cProvaci ancora prof\u201d e tanti altri. \u00c8 autore di \u201cBeati Voi\u201d dalla prima stagione.<\/p>\n<p><strong>Elisa Storace &#8211; autore<\/strong><br \/>\nGiornalista e autore. Ha lavorato in agenzia (Italia Stampa, Ansa), collaborato con quotidiani (Il Manifesto, Romasette) e radio (Radio InBlu, Radio Capital, Radio Vaticana) e scritto per la televisione (La7 e Rai3). Dopo una parentesi di tre anni come docente all\u2019universit\u00e0, nel 2014 arriva a TV2000. Cura \u201cBeati Voi\u201d dalla prima stagione.<\/p>\n<p>&nbsp;<\/p>\n<p><strong>Giuseppe Bentivegna &#8211; autore<\/strong><br \/>\nTrentaquattrenne, si avvicina al mondo della comunicazione da giovanissimo: dopo un\u2019esperienza al TgLa7, ha lavorato in programmi di storytelling come Sconosciuti (Rai3), Alive (Rete4), 24H (Crime &amp; Investigation) e di intrattenimento (Italia\u2019s Got Talent, Il programma del secolo, Boom!). Dopo due anni in qualit\u00e0 di inviato, da due anni \u00e8 nel pool autoriale di \u201cBeati Voi\u201d.<\/p>\n<p><strong>Giacomo Pucci &#8211; redattore<\/strong><br \/>\n\u00c8 nato a Roma nel 1992. Marito e pap\u00e0, laureato in Lettere e redattore televisivo, \u00e8 scrittore, sceneggiatore e autore di fumetti. Nell\u2019ottobre 2016 ha pubblicato la sua prima raccolta di racconti, Prima un passo, e dal 2017 idea e scrive per Bulloni, collana per bambini edita da Round Robin. Da quest\u2019anno \u00e8 il \u201ccapitano\u201d della redazione di &#8220;Beati Voi&#8221;.<\/p>\n<p><strong>Francesco Macinanti &#8211; redattore<\/strong><br \/>\nNato a Roma nel 1990, dopo la maturit\u00e0 classica e studi di Filosofia e Teologia a Copenaghen, ha conseguito la Laurea triennale in Storia, Antropologia e Religioni nel 2015 e la Laurea magistrale in Scienze Storiche nel 2017 presso La Sapienza &#8211; Universit\u00e0 di Roma. Questa \u00e8 la sua prima stagione a \u201cBeati Voi\u201d.<\/p>\n<p><strong>Giovanni Capetta &#8211; redattore<\/strong><br \/>\nNato a Milano nel 1971, laureato in Lettere Moderne con indirizzo in Comunicazioni Sociali all&#8217;Universit\u00e0 Cattolica di Milano, ha collaborato con l&#8217;ufficio stampa della Caritas Ambrosiana e altre testate diocesane. Giornalista pubblicista dal 1996, si \u00e8 trasferito a Roma, dove, come story editor presso la casa di produzione Lux Vide, ha seguito lo sviluppo e la realizzazione di molte fiction di successo come &#8220;Don Matteo&#8221;, &#8220;Madre Teresa&#8221;, &#8220;Maria di Nazareth&#8221;, &#8220;I Medici&#8221; (prima stagione) e tante altre. Tiene la rubrica settimanale &#8220;In Famiglia&#8221; sul sito dell&#8217;agenzia di stampa della Cei, AgenSir.<\/p>\n<p><strong>Giacomo Visco Comandini &#8211; inviato<\/strong><br \/>\nGiornalista, dal 2017 fa parte della squadra di inviati di \u201cBeati Voi\u201d. Laureato in Lettere alla Sapienza su una tesi su Robert Zemeckis, da un decennio lavora nel mondo della televisione. Ha scritto di cinema per La Repubblica e Il Riformista.<\/p>\n<p><strong>Anna Madia &#8211; inviata<\/strong><br \/>\nNata a Castelfranco Veneto, ha studiato a Roma e a Lione, per poi laurearsi in Giurisprudenza con una tesi in Diritto penale. Ha collaborato con Huffington Post e lavorato per l&#8217;agenzia di stampa parlamentare Public Policy, per poi approdare alla redazione del TG5. Questa \u00e8 la sua seconda stagione a \u201cBeati Voi\u201d.<\/p>\n<p><strong>Annalisa Arpino &#8211; montatrice<\/strong><br \/>\nNonostante la giovane et\u00e0, ha lavorato per tutti i principali network televisivi italiani (RAI, Mediaset, La7, SKY) in post produzione, montaggio e finalizzazione. A \u201cBeati Voi\u201d da tre stagioni.<\/p>\n<p><strong>Pierfrancesco Marinelli \u2013 montatore<\/strong><br \/>\nMontatore e filmaker per produzioni RaI, Mediaset, Disney, Universal, Magnolia, Fremantle, Standbyme. Questa \u00e8 la sua seconda stagione a \u201cBeati Voi\u201d.<\/p>\n<p><strong>Luigi Marinacci &#8211; grafico<\/strong><br \/>\nGrafico e motion designer per produzioni Rai e Mediaset e per campagne pubblicitarie Figc, Enel, Eni, Warner Bros, Universal, 01, Fandango e Medusa. Questa \u00e8 la sua seconda stagione a \u201cBeati Voi\u201d.<\/p>\n<p><strong>Alfonso Pezzaniti &#8211; grafico<\/strong>&nbsp;&nbsp;<br \/>\nVideo\/graphic designer con una formazione all&#8217;Accademia di Belle Arti, \u00e8 specialista di comunicazione digitale, con esperienza nella realizzazione di spot&nbsp; in motion graphic, design di applicazioni mobile, di Front-end web, e design e coordinamento di Brand Identity.<\/p>\n<p><strong>Alessandro Tresa &#8211; regista<\/strong><br \/>\nGi\u00e0 regista di programmi Rai di successo come \u201cFan Car-aoke\u201d e \u201cSono innocente\u201d, per TV2000, oltre a \u201cBeati Voi\u201d, firma anche la regia de \u201cL\u2019Ora solare\u201d.<\/p>\n<p><strong>Giada Bellini &#8211; aiuto regia<\/strong><br \/>\nLaureata al DAMS, dal 2014 ha ricoperto il ruolo di aiuto-regia sia per il cinema che per la televisione, lavorando per case di produzione come FremantleMedia Italia, Ballandi Arts e Nonpanic Banijay.<\/p>\n<p><strong>Sara Loreni &#8211; musicista<\/strong><br \/>\nLaureata in Lettere e Filosofia con una tesi su Paolo Conte, suona e canta fin da bambina. A 16 anni \u00e8 in una band che propone cover di Janis Joplin, poi si avvicina al cantautorato. Partecipa ad alcuni festival e nel 2010 si aggiudica il Premio Ciampi e il Premio Mei e Rer \u201cLa Musica libera. Libera la musica\u201d. Il suo album d\u2019esordio <em>Mentha<\/em> mette subito in evidenza il suo talento alla loop-station, notato dal grande pubblico con la partecipazione, seppur breve, a XFactor. \u00c8 al suo secondo anno a \u201cBeati Voi\u201d.<\/p>\n<p><strong>Fabrizia Migliarotti &#8211; costumista<br \/>\n<\/strong>Laureata in scenografia e costume nel 1996 all&#8217;<em>Accademia di Brera<\/em>, ha un master presso il <em>Central Saint Martins College<\/em> di Londra e per cinque anni ha insegnato Storia del costume e progettazione. Come costumista per la tv, il cinema e il teatro, ha lavorato in Italia e all&#8217;estero. Ha al suo attivo, tra le altre, collaborazioni con Rai, Catteleya, Medusa, Lux Vide, BAM New York, Teatro San Carlo e Teatro La Scala. Lavora per <em>Beati Voi<\/em> da due stagioni.&nbsp;&nbsp;<\/p>\n","protected":false},"excerpt":{"rendered":"Beatrice Fazi Inizia a recitare a 14 anni a Sa\u00adlerno con il Teatro San Genesio. Attrice di teatro, cine\u00adma e televisione, \u00e8 nota al grande pubblico per la fiction Un medico in famiglia.&nbsp;Fra una tourn\u00e9e e l\u2019altra \u00e8 mamma tuttofare di quattro bellissimi ragazzi. &nbsp; &nbsp; &nbsp; &nbsp; &nbsp; Antonio Antonelli &#8211; capoprogetto Da sempre [&hellip;]","protected":false},"author":15,"featured_media":0,"parent":0,"menu_order":0,"comment_status":"open","ping_status":"open","template":"","meta":{"_acf_changed":false,"footnotes":""},"class_list":["post-9","page","type-page","status-publish","hentry"],"acf":[],"aioseo_notices":[],"_links":{"self":[{"href":"https:\/\/www.tv2000.it\/beativoi\/wp-json\/wp\/v2\/pages\/9","targetHints":{"allow":["GET"]}}],"collection":[{"href":"https:\/\/www.tv2000.it\/beativoi\/wp-json\/wp\/v2\/pages"}],"about":[{"href":"https:\/\/www.tv2000.it\/beativoi\/wp-json\/wp\/v2\/types\/page"}],"author":[{"embeddable":true,"href":"https:\/\/www.tv2000.it\/beativoi\/wp-json\/wp\/v2\/users\/15"}],"replies":[{"embeddable":true,"href":"https:\/\/www.tv2000.it\/beativoi\/wp-json\/wp\/v2\/comments?post=9"}],"version-history":[{"count":47,"href":"https:\/\/www.tv2000.it\/beativoi\/wp-json\/wp\/v2\/pages\/9\/revisions"}],"predecessor-version":[{"id":7721,"href":"https:\/\/www.tv2000.it\/beativoi\/wp-json\/wp\/v2\/pages\/9\/revisions\/7721"}],"wp:attachment":[{"href":"https:\/\/www.tv2000.it\/beativoi\/wp-json\/wp\/v2\/media?parent=9"}],"curies":[{"name":"wp","href":"https:\/\/api.w.org\/{rel}","templated":true}]}}