{"id":735,"date":"2020-12-15T10:21:26","date_gmt":"2020-12-15T09:21:26","guid":{"rendered":"http:\/\/www.tv2000.it\/buongiornoprofessore\/?page_id=735"},"modified":"2020-12-15T10:21:26","modified_gmt":"2020-12-15T09:21:26","slug":"giovanni-ricciardi","status":"publish","type":"page","link":"https:\/\/www.tv2000.it\/buongiornoprofessore\/giovanni-ricciardi\/","title":{"rendered":"Giovanni Ricciardi"},"content":{"rendered":"<p><img decoding=\"async\" class=\"alignright size-medium wp-image-736\" src=\"https:\/\/www.tv2000.it\/buongiornoprofessore\/wp-content\/uploads\/sites\/27\/2020\/12\/Giovanni-Ricciardi-300x258.png\" alt=\"\" width=\"300\" height=\"258\" srcset=\"https:\/\/www.tv2000.it\/buongiornoprofessore\/wp-content\/uploads\/sites\/27\/2020\/12\/Giovanni-Ricciardi-300x258.png 300w, https:\/\/www.tv2000.it\/buongiornoprofessore\/wp-content\/uploads\/sites\/27\/2020\/12\/Giovanni-Ricciardi-768x659.png 768w, https:\/\/www.tv2000.it\/buongiornoprofessore\/wp-content\/uploads\/sites\/27\/2020\/12\/Giovanni-Ricciardi-31x27.png 31w, https:\/\/www.tv2000.it\/buongiornoprofessore\/wp-content\/uploads\/sites\/27\/2020\/12\/Giovanni-Ricciardi-280x240.png 280w, https:\/\/www.tv2000.it\/buongiornoprofessore\/wp-content\/uploads\/sites\/27\/2020\/12\/Giovanni-Ricciardi-650x558.png 650w, https:\/\/www.tv2000.it\/buongiornoprofessore\/wp-content\/uploads\/sites\/27\/2020\/12\/Giovanni-Ricciardi.png 778w\" sizes=\"(max-width: 300px) 100vw, 300px\" \/>Giovanni Ricciardi, romano, romanista, \u00e8 docente di greco e latino preso il Liceo Pilo Albertelli di Roma. La sua dote \u00e8 far vivere i classici, renderli contemporanei, compagni di strada. Il suo lato oscuro \u00e8 quello del giallista: le indagini del commissario Ottavio Ponzetti, sua creatura, pubblicate da Fazi Editore, sono una serie cult. La ricerca del colpevole passa per molte vie, anche quelle della storia e della conoscenza di s\u00e9. Non a caso tutti i suoi titoli sono versi di Cesare Pavese e il fattore umano \u00e8 sempre al centro delle sue storie, come del suo insegnamento.<\/p>\n","protected":false},"excerpt":{"rendered":"Giovanni Ricciardi, romano, romanista, \u00e8 docente di greco e latino preso il Liceo Pilo Albertelli di Roma. La sua dote \u00e8 far vivere i classici, renderli contemporanei, compagni di strada. Il suo lato oscuro \u00e8 quello del giallista: le indagini del commissario Ottavio Ponzetti, sua creatura, pubblicate da Fazi Editore, sono una serie cult. La [&hellip;]","protected":false},"author":9,"featured_media":736,"parent":0,"menu_order":0,"comment_status":"closed","ping_status":"closed","template":"","meta":{"_acf_changed":false,"footnotes":""},"class_list":["post-735","page","type-page","status-publish","has-post-thumbnail","hentry"],"acf":[],"aioseo_notices":[],"_links":{"self":[{"href":"https:\/\/www.tv2000.it\/buongiornoprofessore\/wp-json\/wp\/v2\/pages\/735","targetHints":{"allow":["GET"]}}],"collection":[{"href":"https:\/\/www.tv2000.it\/buongiornoprofessore\/wp-json\/wp\/v2\/pages"}],"about":[{"href":"https:\/\/www.tv2000.it\/buongiornoprofessore\/wp-json\/wp\/v2\/types\/page"}],"author":[{"embeddable":true,"href":"https:\/\/www.tv2000.it\/buongiornoprofessore\/wp-json\/wp\/v2\/users\/9"}],"replies":[{"embeddable":true,"href":"https:\/\/www.tv2000.it\/buongiornoprofessore\/wp-json\/wp\/v2\/comments?post=735"}],"version-history":[{"count":1,"href":"https:\/\/www.tv2000.it\/buongiornoprofessore\/wp-json\/wp\/v2\/pages\/735\/revisions"}],"predecessor-version":[{"id":737,"href":"https:\/\/www.tv2000.it\/buongiornoprofessore\/wp-json\/wp\/v2\/pages\/735\/revisions\/737"}],"wp:featuredmedia":[{"embeddable":true,"href":"https:\/\/www.tv2000.it\/buongiornoprofessore\/wp-json\/wp\/v2\/media\/736"}],"wp:attachment":[{"href":"https:\/\/www.tv2000.it\/buongiornoprofessore\/wp-json\/wp\/v2\/media?parent=735"}],"curies":[{"name":"wp","href":"https:\/\/api.w.org\/{rel}","templated":true}]}}