{"id":7,"date":"2021-10-18T12:32:04","date_gmt":"2021-10-18T10:32:04","guid":{"rendered":"http:\/\/www.tv2000.it\/carogesu\/?page_id=7"},"modified":"2026-02-24T11:43:02","modified_gmt":"2026-02-24T10:43:02","slug":"il-programma","status":"publish","type":"page","link":"https:\/\/www.tv2000.it\/carogesu\/il-programma\/","title":{"rendered":"Il programma"},"content":{"rendered":"<p>Crediamo nei bambini, e crediamo che anche in televisione si possa parlare delle cose che contano, affrontare sentimenti, paure e desideri e soprattutto annunciare Ges\u00f9. E a Caro Ges\u00f9 i bambini fanno domande, dialogano nelle loro scuole e in studio con un catechista Paolo Minnielli e con suor Emma, che inventa giochi per insegnare la fede. Don Dino, il ben noto Din Don Art, \u00e8 un mago di creativit\u00e0 con carta forbici e colla. Ma \u00e8 un sacerdote, e come in parrocchia, spiega ai bimbi il Vangelo. Mario Incudine racconta quest\u2019anno le grandi storie della Bibbia, dai patriarchi ai profeti si primi discepoli nordiche. Ugo D\u2019Orazio realizza disegni a cartone animato sui santi, i supereroi cristiani. Il programma si presenta come strumento educativo per catechisti, educatori e insegnanti di religione.<br \/>\nIl sabato mattina ore 10.35 su TV2000<\/p>\n<p>&nbsp;<\/p>\n<p align=\"justify\"><img class=\"size-large wp-image-3112 aligncenter\" src=\"https:\/\/www.tv2000.it\/carogesu\/wp-content\/uploads\/sites\/68\/2023\/10\/STEFANIA-PEDNA-BIMBI-PECORELLE-1024x576.png\" alt=\"\" width=\"640\" height=\"360\" srcset=\"https:\/\/www.tv2000.it\/carogesu\/wp-content\/uploads\/sites\/68\/2023\/10\/STEFANIA-PEDNA-BIMBI-PECORELLE-1024x576.png 1024w, https:\/\/www.tv2000.it\/carogesu\/wp-content\/uploads\/sites\/68\/2023\/10\/STEFANIA-PEDNA-BIMBI-PECORELLE-300x169.png 300w, https:\/\/www.tv2000.it\/carogesu\/wp-content\/uploads\/sites\/68\/2023\/10\/STEFANIA-PEDNA-BIMBI-PECORELLE-768x432.png 768w, https:\/\/www.tv2000.it\/carogesu\/wp-content\/uploads\/sites\/68\/2023\/10\/STEFANIA-PEDNA-BIMBI-PECORELLE-1536x864.png 1536w, https:\/\/www.tv2000.it\/carogesu\/wp-content\/uploads\/sites\/68\/2023\/10\/STEFANIA-PEDNA-BIMBI-PECORELLE-48x27.png 48w, https:\/\/www.tv2000.it\/carogesu\/wp-content\/uploads\/sites\/68\/2023\/10\/STEFANIA-PEDNA-BIMBI-PECORELLE-280x158.png 280w, https:\/\/www.tv2000.it\/carogesu\/wp-content\/uploads\/sites\/68\/2023\/10\/STEFANIA-PEDNA-BIMBI-PECORELLE-650x366.png 650w, https:\/\/www.tv2000.it\/carogesu\/wp-content\/uploads\/sites\/68\/2023\/10\/STEFANIA-PEDNA-BIMBI-PECORELLE.png 1920w\" sizes=\"(max-width: 640px) 100vw, 640px\" \/><\/p>\n","protected":false},"excerpt":{"rendered":"Crediamo nei bambini, e crediamo che anche in televisione si possa parlare delle cose che contano, affrontare sentimenti, paure e desideri e soprattutto annunciare Ges\u00f9. E a Caro Ges\u00f9 i bambini fanno domande, dialogano nelle loro scuole e in studio con un catechista Paolo Minnielli e con suor Emma, che inventa giochi per insegnare la [&hellip;]","protected":false},"author":9,"featured_media":0,"parent":0,"menu_order":0,"comment_status":"closed","ping_status":"closed","template":"","meta":[],"acf":[],"aioseo_notices":[],"_links":{"self":[{"href":"https:\/\/www.tv2000.it\/carogesu\/wp-json\/wp\/v2\/pages\/7"}],"collection":[{"href":"https:\/\/www.tv2000.it\/carogesu\/wp-json\/wp\/v2\/pages"}],"about":[{"href":"https:\/\/www.tv2000.it\/carogesu\/wp-json\/wp\/v2\/types\/page"}],"author":[{"embeddable":true,"href":"https:\/\/www.tv2000.it\/carogesu\/wp-json\/wp\/v2\/users\/9"}],"replies":[{"embeddable":true,"href":"https:\/\/www.tv2000.it\/carogesu\/wp-json\/wp\/v2\/comments?post=7"}],"version-history":[{"count":25,"href":"https:\/\/www.tv2000.it\/carogesu\/wp-json\/wp\/v2\/pages\/7\/revisions"}],"predecessor-version":[{"id":10205,"href":"https:\/\/www.tv2000.it\/carogesu\/wp-json\/wp\/v2\/pages\/7\/revisions\/10205"}],"wp:attachment":[{"href":"https:\/\/www.tv2000.it\/carogesu\/wp-json\/wp\/v2\/media?parent=7"}],"curies":[{"name":"wp","href":"https:\/\/api.w.org\/{rel}","templated":true}]}}