{"id":9,"date":"2021-10-18T12:33:22","date_gmt":"2021-10-18T10:33:22","guid":{"rendered":"http:\/\/www.tv2000.it\/carogesu\/?page_id=9"},"modified":"2025-11-04T16:53:28","modified_gmt":"2025-11-04T15:53:28","slug":"i-conduttori","status":"publish","type":"page","link":"https:\/\/www.tv2000.it\/carogesu\/i-conduttori\/","title":{"rendered":"I conduttori"},"content":{"rendered":"<p align=\"justify\">&nbsp;<\/p>\n<p align=\"justify\"><img decoding=\"async\" class=\" wp-image-9483 aligncenter\" src=\"https:\/\/www.tv2000.it\/carogesu\/wp-content\/uploads\/sites\/68\/2025\/11\/PAOLO-MINNIELLI-1024x690.jpg\" alt=\"\" width=\"633\" height=\"426\" srcset=\"https:\/\/www.tv2000.it\/carogesu\/wp-content\/uploads\/sites\/68\/2025\/11\/PAOLO-MINNIELLI-1024x690.jpg 1024w, https:\/\/www.tv2000.it\/carogesu\/wp-content\/uploads\/sites\/68\/2025\/11\/PAOLO-MINNIELLI-300x202.jpg 300w, https:\/\/www.tv2000.it\/carogesu\/wp-content\/uploads\/sites\/68\/2025\/11\/PAOLO-MINNIELLI-768x518.jpg 768w, https:\/\/www.tv2000.it\/carogesu\/wp-content\/uploads\/sites\/68\/2025\/11\/PAOLO-MINNIELLI-40x27.jpg 40w, https:\/\/www.tv2000.it\/carogesu\/wp-content\/uploads\/sites\/68\/2025\/11\/PAOLO-MINNIELLI-280x189.jpg 280w, https:\/\/www.tv2000.it\/carogesu\/wp-content\/uploads\/sites\/68\/2025\/11\/PAOLO-MINNIELLI-650x438.jpg 650w, https:\/\/www.tv2000.it\/carogesu\/wp-content\/uploads\/sites\/68\/2025\/11\/PAOLO-MINNIELLI.jpg 1329w\" sizes=\"(max-width: 633px) 100vw, 633px\" \/><\/p>\n<p align=\"justify\"><strong>PAOLO MINNIELLI<\/strong>: <em>il nuovo catechista. Romano, si forma all\u2019Academia Nazionale d\u2019Arte Drammatica Silvio D\u2019Amico e collabora con diverse realt\u00e0 e registi del panorama artistico italiano; animatore fin da ragazzo della sua parrocchia<\/em>.<\/p>\n<p align=\"justify\">&nbsp;<\/p>\n<p align=\"justify\"><img decoding=\"async\" class=\"size-full wp-image-3115 aligncenter\" src=\"https:\/\/www.tv2000.it\/carogesu\/wp-content\/uploads\/sites\/68\/2023\/10\/MARIO-INCUDINE.jpg\" alt=\"\" width=\"640\" height=\"640\" srcset=\"https:\/\/www.tv2000.it\/carogesu\/wp-content\/uploads\/sites\/68\/2023\/10\/MARIO-INCUDINE.jpg 640w, https:\/\/www.tv2000.it\/carogesu\/wp-content\/uploads\/sites\/68\/2023\/10\/MARIO-INCUDINE-300x300.jpg 300w, https:\/\/www.tv2000.it\/carogesu\/wp-content\/uploads\/sites\/68\/2023\/10\/MARIO-INCUDINE-150x150.jpg 150w, https:\/\/www.tv2000.it\/carogesu\/wp-content\/uploads\/sites\/68\/2023\/10\/MARIO-INCUDINE-27x27.jpg 27w, https:\/\/www.tv2000.it\/carogesu\/wp-content\/uploads\/sites\/68\/2023\/10\/MARIO-INCUDINE-280x280.jpg 280w, https:\/\/www.tv2000.it\/carogesu\/wp-content\/uploads\/sites\/68\/2023\/10\/MARIO-INCUDINE-188x188.jpg 188w\" sizes=\"(max-width: 640px) 100vw, 640px\" \/><\/p>\n<p align=\"justify\"><strong>MARIO INCUDINE<em>: <\/em><\/strong><em>nasce a Enna. \u00c8 musicista, attore, cantante, regista e autore di musiche per il cinema e il teatro, con all\u2019attivo prestigiose collaborazioni in ambito nazionale e internazionale. Da anni porta avanti una personale visione e reinterpretazione della narrazione orale, seguendo il solco tracciato da contastorie della tradizione italiana<\/em><em>.<\/em><\/p>\n<p align=\"justify\">&nbsp;<\/p>\n<p align=\"justify\"><img decoding=\"async\" class=\"aligncenter size-large wp-image-39\" src=\"https:\/\/www.tv2000.it\/carogesu\/wp-content\/uploads\/sites\/68\/2021\/11\/caro-gesu-3-1024x576.jpg\" alt=\"\" width=\"640\" height=\"360\" srcset=\"https:\/\/www.tv2000.it\/carogesu\/wp-content\/uploads\/sites\/68\/2021\/11\/caro-gesu-3-1024x576.jpg 1024w, https:\/\/www.tv2000.it\/carogesu\/wp-content\/uploads\/sites\/68\/2021\/11\/caro-gesu-3-300x169.jpg 300w, https:\/\/www.tv2000.it\/carogesu\/wp-content\/uploads\/sites\/68\/2021\/11\/caro-gesu-3-768x432.jpg 768w, https:\/\/www.tv2000.it\/carogesu\/wp-content\/uploads\/sites\/68\/2021\/11\/caro-gesu-3-48x27.jpg 48w, https:\/\/www.tv2000.it\/carogesu\/wp-content\/uploads\/sites\/68\/2021\/11\/caro-gesu-3-280x158.jpg 280w, https:\/\/www.tv2000.it\/carogesu\/wp-content\/uploads\/sites\/68\/2021\/11\/caro-gesu-3-650x366.jpg 650w, https:\/\/www.tv2000.it\/carogesu\/wp-content\/uploads\/sites\/68\/2021\/11\/caro-gesu-3.jpg 1920w\" sizes=\"(max-width: 640px) 100vw, 640px\" \/><\/p>\n<p align=\"justify\"><strong>Don Dino Mazzoli<\/strong> <em>E\u2019 un parroco creativo, sempre vicino ai&nbsp; bambini e ai pi\u00f9&nbsp; giovani.&nbsp; Nelle&nbsp;&nbsp; sue attivit\u00e0 di&nbsp; oratorio propone la strada del Vangelo attraverso la creativit\u00e0&nbsp; con carta colla e forbici, nasce cos\u00ec Din don art: un metodo educativo, un libro, un programma televisivo.<\/em><\/p>\n<p align=\"justify\">&nbsp;<\/p>\n<p align=\"justify\"><img decoding=\"async\" class=\"wp-image-3116 aligncenter\" src=\"https:\/\/www.tv2000.it\/carogesu\/wp-content\/uploads\/sites\/68\/2023\/10\/Suor-Emma.jpeg\" alt=\"\" width=\"640\" height=\"480\" srcset=\"https:\/\/www.tv2000.it\/carogesu\/wp-content\/uploads\/sites\/68\/2023\/10\/Suor-Emma.jpeg 1024w, https:\/\/www.tv2000.it\/carogesu\/wp-content\/uploads\/sites\/68\/2023\/10\/Suor-Emma-300x225.jpeg 300w, https:\/\/www.tv2000.it\/carogesu\/wp-content\/uploads\/sites\/68\/2023\/10\/Suor-Emma-768x576.jpeg 768w, https:\/\/www.tv2000.it\/carogesu\/wp-content\/uploads\/sites\/68\/2023\/10\/Suor-Emma-36x27.jpeg 36w, https:\/\/www.tv2000.it\/carogesu\/wp-content\/uploads\/sites\/68\/2023\/10\/Suor-Emma-280x210.jpeg 280w, https:\/\/www.tv2000.it\/carogesu\/wp-content\/uploads\/sites\/68\/2023\/10\/Suor-Emma-650x488.jpeg 650w, https:\/\/www.tv2000.it\/carogesu\/wp-content\/uploads\/sites\/68\/2023\/10\/Suor-Emma-600x450.jpeg 600w\" sizes=\"(max-width: 640px) 100vw, 640px\" \/><\/p>\n<p align=\"justify\"><strong>SUOR EMMA DI GANCI<\/strong><em> religiosa dell&#8217;Istituto delle Suore del Bell&#8217;Amore, all&#8217;et\u00e0 di 20 anni ha lasciato tutto per seguire Ges\u00fa nella vita consacrata. Ha insegnato religione ai bambini di scuola elementare sia in Italia, che in Germania. Attraverso il canto, i colori, e un pizzico di creativit\u00e0, desidera vivere la bellezza della Comunione con coloro che Dio le mette accanto.<\/em><\/p>\n<p align=\"justify\">&nbsp;<\/p>\n<p align=\"justify\">I disegni di Stefania Pedna<\/p>\n<p align=\"justify\"><img decoding=\"async\" class=\"aligncenter wp-image-5427\" src=\"https:\/\/www.tv2000.it\/carogesu\/wp-content\/uploads\/sites\/68\/2024\/10\/tommasino-ok.png\" alt=\"\" width=\"497\" height=\"497\" srcset=\"https:\/\/www.tv2000.it\/carogesu\/wp-content\/uploads\/sites\/68\/2024\/10\/tommasino-ok.png 748w, https:\/\/www.tv2000.it\/carogesu\/wp-content\/uploads\/sites\/68\/2024\/10\/tommasino-ok-300x300.png 300w, https:\/\/www.tv2000.it\/carogesu\/wp-content\/uploads\/sites\/68\/2024\/10\/tommasino-ok-150x150.png 150w, https:\/\/www.tv2000.it\/carogesu\/wp-content\/uploads\/sites\/68\/2024\/10\/tommasino-ok-27x27.png 27w, https:\/\/www.tv2000.it\/carogesu\/wp-content\/uploads\/sites\/68\/2024\/10\/tommasino-ok-280x280.png 280w, https:\/\/www.tv2000.it\/carogesu\/wp-content\/uploads\/sites\/68\/2024\/10\/tommasino-ok-188x188.png 188w, https:\/\/www.tv2000.it\/carogesu\/wp-content\/uploads\/sites\/68\/2024\/10\/tommasino-ok-650x650.png 650w\" sizes=\"(max-width: 497px) 100vw, 497px\" \/><\/p>\n<p align=\"justify\">&nbsp;<\/p>\n<p align=\"justify\"><strong>TOMMASINO <\/strong><em>\u00e8 il pappagallo intelligente, che parla, scherza ed \u00e8 amico dei bambini.<\/em><\/p>\n","protected":false},"excerpt":{"rendered":"&nbsp; PAOLO MINNIELLI: il nuovo catechista. Romano, si forma all\u2019Academia Nazionale d\u2019Arte Drammatica Silvio D\u2019Amico e collabora con diverse realt\u00e0 e registi del panorama artistico italiano; animatore fin da ragazzo della sua parrocchia. &nbsp; MARIO INCUDINE: nasce a Enna. \u00c8 musicista, attore, cantante, regista e autore di musiche per il cinema e il teatro, con [&hellip;]","protected":false},"author":9,"featured_media":0,"parent":0,"menu_order":0,"comment_status":"closed","ping_status":"closed","template":"","meta":{"_acf_changed":false,"footnotes":""},"class_list":["post-9","page","type-page","status-publish","hentry"],"acf":[],"aioseo_notices":[],"_links":{"self":[{"href":"https:\/\/www.tv2000.it\/carogesu\/wp-json\/wp\/v2\/pages\/9","targetHints":{"allow":["GET"]}}],"collection":[{"href":"https:\/\/www.tv2000.it\/carogesu\/wp-json\/wp\/v2\/pages"}],"about":[{"href":"https:\/\/www.tv2000.it\/carogesu\/wp-json\/wp\/v2\/types\/page"}],"author":[{"embeddable":true,"href":"https:\/\/www.tv2000.it\/carogesu\/wp-json\/wp\/v2\/users\/9"}],"replies":[{"embeddable":true,"href":"https:\/\/www.tv2000.it\/carogesu\/wp-json\/wp\/v2\/comments?post=9"}],"version-history":[{"count":13,"href":"https:\/\/www.tv2000.it\/carogesu\/wp-json\/wp\/v2\/pages\/9\/revisions"}],"predecessor-version":[{"id":9484,"href":"https:\/\/www.tv2000.it\/carogesu\/wp-json\/wp\/v2\/pages\/9\/revisions\/9484"}],"wp:attachment":[{"href":"https:\/\/www.tv2000.it\/carogesu\/wp-json\/wp\/v2\/media?parent=9"}],"curies":[{"name":"wp","href":"https:\/\/api.w.org\/{rel}","templated":true}]}}