{"id":7,"date":"2016-09-30T12:45:11","date_gmt":"2016-09-30T10:45:11","guid":{"rendered":"http:\/\/www.tv2000.it\/diolifaepoiliaccoppia\/?page_id=7"},"modified":"2016-11-22T15:17:30","modified_gmt":"2016-11-22T14:17:30","slug":"la-conduttrice","status":"publish","type":"page","link":"https:\/\/www.tv2000.it\/diolifaepoiliaccoppia\/la-conduttrice\/","title":{"rendered":"La conduttrice"},"content":{"rendered":"<p style=\"text-align: justify;\"><img decoding=\"async\" class=\"alignleft size-medium wp-image-3061\" src=\"http:\/\/www.tv2000.it\/ilmondoinsieme\/wp-content\/uploads\/sites\/3\/2014\/12\/Licia-Colo-300x175.jpg\" alt=\"Licia Colo TV2000\" width=\"300\" height=\"175\" \/>Una vita dedicata alla <strong>salvaguardia dell\u2019ambiente e alla difesa dei diritti degli animali<\/strong>. Ha sempre realizzato programmi televisivi in cui mette in evidenza questi valori, insieme alla <strong>passione per i viaggi<\/strong>, un mezzo per conoscere il pianeta e le culture che lo popolano. Ha iniziato la sua carriera in Mediaset, giovanissima, e gi\u00e0 nel 1989 ha condotto l\u2019Arca di No\u00e8, che si occupava di interazione uomo-animali. \u00c8 poi passata in Rai, dove ha condotto Geo &amp; Geo, King Kong, Il pianeta delle meraviglie fino Alle falde del Kilimangiaro, da lei ideato e condotto per 15 anni e per il quale ha ricevuto premi fra cui il Telegatto come miglior programma d\u2019informazione nel 2008. <strong>Nel 2001 ha fondato la Onlus Animali e Animali<\/strong> con cui aiuta chi si prende cura dei quattrozampe in difficolt\u00e0.<br \/>\nInsieme \u00e8 nato il sito di informazione, diventato oggi Animali e Ambiente. Molti i riconoscimenti: il premio nazionale \u201cUn bosco per Kyoto\u201d, che le \u00e8 stato attribuito per due anni, il premio Ambasciatore della Natura e quello Ambasciatore per la biodiversit\u00e0. Numerosi anche i libri di cui \u00e8 autrice. Da un paio di anni \u00e8 a TV2000.<\/p>\n","protected":false},"excerpt":{"rendered":"Una vita dedicata alla salvaguardia dell\u2019ambiente e alla difesa dei diritti degli animali. Ha sempre realizzato programmi televisivi in cui mette in evidenza questi valori, insieme alla passione per i viaggi, un mezzo per conoscere il pianeta e le culture che lo popolano. Ha iniziato la sua carriera in Mediaset, giovanissima, e gi\u00e0 nel 1989 [&hellip;]","protected":false},"author":1,"featured_media":0,"parent":0,"menu_order":0,"comment_status":"open","ping_status":"open","template":"","meta":{"_acf_changed":false,"footnotes":""},"class_list":["post-7","page","type-page","status-publish","hentry"],"acf":[],"aioseo_notices":[],"_links":{"self":[{"href":"https:\/\/www.tv2000.it\/diolifaepoiliaccoppia\/wp-json\/wp\/v2\/pages\/7","targetHints":{"allow":["GET"]}}],"collection":[{"href":"https:\/\/www.tv2000.it\/diolifaepoiliaccoppia\/wp-json\/wp\/v2\/pages"}],"about":[{"href":"https:\/\/www.tv2000.it\/diolifaepoiliaccoppia\/wp-json\/wp\/v2\/types\/page"}],"author":[{"embeddable":true,"href":"https:\/\/www.tv2000.it\/diolifaepoiliaccoppia\/wp-json\/wp\/v2\/users\/1"}],"replies":[{"embeddable":true,"href":"https:\/\/www.tv2000.it\/diolifaepoiliaccoppia\/wp-json\/wp\/v2\/comments?post=7"}],"version-history":[{"count":2,"href":"https:\/\/www.tv2000.it\/diolifaepoiliaccoppia\/wp-json\/wp\/v2\/pages\/7\/revisions"}],"predecessor-version":[{"id":89,"href":"https:\/\/www.tv2000.it\/diolifaepoiliaccoppia\/wp-json\/wp\/v2\/pages\/7\/revisions\/89"}],"wp:attachment":[{"href":"https:\/\/www.tv2000.it\/diolifaepoiliaccoppia\/wp-json\/wp\/v2\/media?parent=7"}],"curies":[{"name":"wp","href":"https:\/\/api.w.org\/{rel}","templated":true}]}}