{"id":9,"date":"2016-09-30T12:45:26","date_gmt":"2016-09-30T10:45:26","guid":{"rendered":"http:\/\/www.tv2000.it\/diolifaepoiliaccoppia\/?page_id=9"},"modified":"2016-11-22T15:15:18","modified_gmt":"2016-11-22T14:15:18","slug":"il-programma","status":"publish","type":"page","link":"https:\/\/www.tv2000.it\/diolifaepoiliaccoppia\/il-programma\/","title":{"rendered":"Il programma"},"content":{"rendered":"<p style=\"text-align: justify;\">Da \u201cCasa Col\u00f2\u201d, in onda la scorsa stagione sulle frequenze di InBlu Radio, nasce un programma divertente, di 45 minuti, dove<strong> la coppia formata da Licia Col\u00f2 e suo marito Alessandro Antonino d\u00e0 vita in ogni puntata a un approfondimento informale basato su notizie reali.<\/strong> In studio, ospiti e altre coppie. Licia e Alessandro \u2013 marito e moglie \u2013 dibattono, \u201cbattibeccando\u201d, sulle difficolt\u00e0 della vita di coppia, sulle questioni pratiche di tutti i giorni, sui sentimenti e sui cambiamenti della societ\u00e0.<\/p>\n<p style=\"text-align: justify;\">Nel farlo sono aiutati da <strong>diversi ospiti \u2013 psicologi, biologi, nutrizionisti, chimici, sessuologi, naturalisti<\/strong> \u2013 mentre il pubblico, composto da altre coppie, contribuisce a dare il suo punto di vista sui temi trattati: gelosia, compromessi, salute, risparmio energetico, convivenza con gli animali, diete, scelte di vita, e altro. Un programma per raccontare la quotidianit\u00e0 attraverso il confronto tra l\u2019universo femminile e quello maschile, sempre con ironia e un sorriso sulle labbra. Con Licia Col\u00f2 e Alessandro Antonino. In onda dal luned\u00ec al venerd\u00ec alle 12.20 da ottobre.<\/p>\n","protected":false},"excerpt":{"rendered":"Da \u201cCasa Col\u00f2\u201d, in onda la scorsa stagione sulle frequenze di InBlu Radio, nasce un programma divertente, di 45 minuti, dove la coppia formata da Licia Col\u00f2 e suo marito Alessandro Antonino d\u00e0 vita in ogni puntata a un approfondimento informale basato su notizie reali. In studio, ospiti e altre coppie. Licia e Alessandro \u2013 [&hellip;]","protected":false},"author":1,"featured_media":0,"parent":0,"menu_order":0,"comment_status":"open","ping_status":"open","template":"","meta":{"_acf_changed":false,"footnotes":""},"class_list":["post-9","page","type-page","status-publish","hentry"],"acf":[],"aioseo_notices":[],"_links":{"self":[{"href":"https:\/\/www.tv2000.it\/diolifaepoiliaccoppia\/wp-json\/wp\/v2\/pages\/9","targetHints":{"allow":["GET"]}}],"collection":[{"href":"https:\/\/www.tv2000.it\/diolifaepoiliaccoppia\/wp-json\/wp\/v2\/pages"}],"about":[{"href":"https:\/\/www.tv2000.it\/diolifaepoiliaccoppia\/wp-json\/wp\/v2\/types\/page"}],"author":[{"embeddable":true,"href":"https:\/\/www.tv2000.it\/diolifaepoiliaccoppia\/wp-json\/wp\/v2\/users\/1"}],"replies":[{"embeddable":true,"href":"https:\/\/www.tv2000.it\/diolifaepoiliaccoppia\/wp-json\/wp\/v2\/comments?post=9"}],"version-history":[{"count":6,"href":"https:\/\/www.tv2000.it\/diolifaepoiliaccoppia\/wp-json\/wp\/v2\/pages\/9\/revisions"}],"predecessor-version":[{"id":98,"href":"https:\/\/www.tv2000.it\/diolifaepoiliaccoppia\/wp-json\/wp\/v2\/pages\/9\/revisions\/98"}],"wp:attachment":[{"href":"https:\/\/www.tv2000.it\/diolifaepoiliaccoppia\/wp-json\/wp\/v2\/media?parent=9"}],"curies":[{"name":"wp","href":"https:\/\/api.w.org\/{rel}","templated":true}]}}