{"id":33,"date":"2018-05-15T15:04:04","date_gmt":"2018-05-15T13:04:04","guid":{"rendered":"http:\/\/www.tv2000.it\/fuorionda\/?page_id=33"},"modified":"2018-06-08T15:07:07","modified_gmt":"2018-06-08T13:07:07","slug":"fabio-bolzetta","status":"publish","type":"page","link":"https:\/\/www.tv2000.it\/fuorionda\/fabio-bolzetta\/","title":{"rendered":"Fabio Bolzetta"},"content":{"rendered":"<p><img decoding=\"async\" class=\"alignleft size-large wp-image-40\" src=\"https:\/\/www.tv2000.it\/fuorionda\/wp-content\/uploads\/sites\/56\/2018\/05\/sfondo-fuori-onda-1-1024x683.jpg\" alt=\"\" width=\"640\" height=\"427\" srcset=\"https:\/\/www.tv2000.it\/fuorionda\/wp-content\/uploads\/sites\/56\/2018\/05\/sfondo-fuori-onda-1-1024x683.jpg 1024w, https:\/\/www.tv2000.it\/fuorionda\/wp-content\/uploads\/sites\/56\/2018\/05\/sfondo-fuori-onda-1-300x200.jpg 300w, https:\/\/www.tv2000.it\/fuorionda\/wp-content\/uploads\/sites\/56\/2018\/05\/sfondo-fuori-onda-1-768x512.jpg 768w, https:\/\/www.tv2000.it\/fuorionda\/wp-content\/uploads\/sites\/56\/2018\/05\/sfondo-fuori-onda-1-41x27.jpg 41w, https:\/\/www.tv2000.it\/fuorionda\/wp-content\/uploads\/sites\/56\/2018\/05\/sfondo-fuori-onda-1-280x187.jpg 280w, https:\/\/www.tv2000.it\/fuorionda\/wp-content\/uploads\/sites\/56\/2018\/05\/sfondo-fuori-onda-1-650x433.jpg 650w\" sizes=\"(max-width: 640px) 100vw, 640px\" \/>Fabio Bolzetta (Como, 1979). Giornalista professionista, dal 2002 a TV2000 \u00e8 uno dei conduttori del TG2000 e inviato della redazione giornalistica.<br \/>\nLaureato in Scienze della Comunicazione all\u2019Universit\u00e0 Ss. Maria Assunta di Roma. Comincia nel 2000 presso il<strong> Comitato Organizzativo<\/strong> della <strong>Giornata Mondiale della Giovent\u00f9<\/strong> di Roma dove collabora presso l\u2019<strong>Ufficio Stampa<\/strong>. Nel 2001 dopo l\u2019esperienza a Telelazio-Reteblu entra a <strong>Sat2000<\/strong>.<\/p>\n<p>E\u2019 il regista <strong>Pupi Avati<\/strong> a sceglierlo, per la prima volta per andare in video nel programma \u2018<strong>Sicomoro<\/strong>\u2019, poi \u2018<strong>Formato Famiglia<\/strong>\u2019 nelle prime tre edizioni curate da <strong>Brando Giordani e Gianfranco Marcelli.<br \/>\n<\/strong><br \/>\nNel 2005 Sat2000 viene scelto come uno dei cinque volti istituzionali della rete, in conduzione a \u2018<em>Detto tra noi<\/em>\u2019. Passa poi alla redazione giornalistica dove conduce il <strong>Tg2000<\/strong>, la rassegna stampa \u2018Storie tra le righe\u2019 e, in seguito, il programma di approfondimento ecclesiale \u2018Mosaico\u2019 e l\u2019edizione dedicata ai giovani \u2018Mosaiko\u2019.<\/p>\n<p>Nel 2011 conduce, sin dalla prima puntata, il contenitore \u2018<strong>Nel Cuore dei Giorni<\/strong>\u2019, che, in diverse fasce suddivise per colori, accompagna il pubblico &#8211; per <strong>tre anni<\/strong> di trasmissione in diretta &#8211; con storie, racconti, approfondimenti e curiosit\u00e0 dal mondo dell\u2019attualit\u00e0.<\/p>\n<p>Tante le <strong>dirette<\/strong> e <strong>lunghi speciali<\/strong> con piazza<strong> San Pietro<\/strong> che ha condotto in occasione di celebrazioni, Angelus, Udienze generali e incontri di <strong>Benedetto XVI<\/strong> e <strong>Papa Francesco<\/strong>.<br \/>\nDal <strong>2014<\/strong> al <strong>2016<\/strong> \u00e8 ogni giorno in diretta (dal luned\u00ec al venerd\u00ec) nella <strong>mattina live<\/strong> di TV2000 in una nuova avventura per il programma &#8216;<strong>Bel tempo si spera<\/strong>&#8216; e &#8216;Bel tempo si spera&#8217; estate di Paolo Ruffini e Alessandro Sortino. Soltanto nella prima edizione ha percorso in Italia quasi 14mila chilometri&#8230;pari ad un viaggio in auto da Roma ad Hong Kong. Obiettivo: raccontare, con collegamenti, ospiti e servizi, le storie &#8211; spesso dimenticate &#8211; del nostro Paese per una televisione &#8216;in uscita&#8217;.<\/p>\n<p>Ha presentato diversi <strong>eventi<\/strong> in tutta Italia, anche <strong>internazionali<\/strong>.<br \/>\nNel 2018 durante il pre Sinodo dei Giovani, sul palco per la Festa dei Giovani, e presentando con suor Cristina il primo concerto organizzato alle Ville Pontifice di Castelgandolfo.<br \/>\nNel 2017 a <strong>Piazza San Pietro ha presentato la XXXII Giornata Mondiale della Giovent\u00f9 (GMG)<\/strong> prima della Messa delle Palme presieduta da papa Francesco.<br \/>\nNegli anni precedenti all&#8217;<strong>Incontro Mondiale delle Famiglie<\/strong> di <strong>Milano<\/strong> con <strong>Benedetto XVI<\/strong>, nella spianata della GMG a <strong>Tor Vergata<\/strong> e a piazza San Giovanni in <strong>Laterano<\/strong>, con il Vicariato di Roma, per <strong>Giovanni Paolo II<\/strong>. Sul palco dell&#8217;<strong>Auditorium della Conciliazione<\/strong> di Roma, del <strong>Teatro Ghione e Teatro Greco e in giro per l\u2019Italia.<\/strong><\/p>\n<p>Da settembre 2016, con il lancio della nuova edizione delle 20.30 (che si affianca a quella delle 12 e delle 18.30 dopo il Rosario da Lourdes), \u00e8 tornato ad essere uno dei volti del <strong>TG2000<\/strong> di TV2000.<br \/>\nNuova sfida che lo a <strong>Nizza<\/strong>, per raccontare l&#8217;attentato sulla Promenade des Anglais e per oltre un anno e mezzo nelle zone del centro Italia colpite dal <strong>terremoto<\/strong>: da Amatrice a Norcia, da Accumoli a Tolentino, tra Lazio, Umbria, Marche e Abruzzo.<br \/>\nHa scritto il<strong> libro &#8216;Voci dal Terremoto. Storie tra macerie e rinascita per non dimenticare&#8217;<\/strong> <strong>&#8211; Poiesis editrice<\/strong>, presente al Salone del libro di Torino 2017, scegliendo di devolvere tutti i diritti d&#8217;autore a Caritas italiana &#8211; progetto &#8216;Terremoto centro Italia&#8217;.<br \/>\nA luglio 2017 ha ricevuto il <strong>Premio nazionale ed internazionale &#8216;Bonifacio VIII&#8217;<\/strong>, consegnato ad Anagni dall&#8217;<strong>Accademia Bonifaciana<\/strong>, presieduta dal <strong>Card. Jos\u00e8 Saraiva Martins.<\/strong><br \/>\nNella citt\u00e0 umbra di Narni, per il libro &#8216;Voci dal Terremoto&#8217; \u00e8 stato assegnato il &#8216;<strong>Leone d&#8217;Argento<\/strong>&#8216; al <strong>Narnia Festival.<br \/>\n<\/strong><br \/>\nNel primo anniversario della scossa del 30 ottobre, per i servizi del Tg2000 dedicati al terremoto gli \u00e8 stata conferita la <strong>Carta di Cittadinanza Europea dal Comune di Norcia.<\/strong><\/p>\n","protected":false},"excerpt":{"rendered":"Fabio Bolzetta (Como, 1979). Giornalista professionista, dal 2002 a TV2000 \u00e8 uno dei conduttori del TG2000 e inviato della redazione giornalistica. Laureato in Scienze della Comunicazione all\u2019Universit\u00e0 Ss. Maria Assunta di Roma. Comincia nel 2000 presso il Comitato Organizzativo della Giornata Mondiale della Giovent\u00f9 di Roma dove collabora presso l\u2019Ufficio Stampa. Nel 2001 dopo l\u2019esperienza [&hellip;]","protected":false},"author":6,"featured_media":0,"parent":0,"menu_order":0,"comment_status":"closed","ping_status":"closed","template":"","meta":{"_acf_changed":false,"footnotes":""},"class_list":["post-33","page","type-page","status-publish","hentry"],"acf":[],"aioseo_notices":[],"_links":{"self":[{"href":"https:\/\/www.tv2000.it\/fuorionda\/wp-json\/wp\/v2\/pages\/33","targetHints":{"allow":["GET"]}}],"collection":[{"href":"https:\/\/www.tv2000.it\/fuorionda\/wp-json\/wp\/v2\/pages"}],"about":[{"href":"https:\/\/www.tv2000.it\/fuorionda\/wp-json\/wp\/v2\/types\/page"}],"author":[{"embeddable":true,"href":"https:\/\/www.tv2000.it\/fuorionda\/wp-json\/wp\/v2\/users\/6"}],"replies":[{"embeddable":true,"href":"https:\/\/www.tv2000.it\/fuorionda\/wp-json\/wp\/v2\/comments?post=33"}],"version-history":[{"count":4,"href":"https:\/\/www.tv2000.it\/fuorionda\/wp-json\/wp\/v2\/pages\/33\/revisions"}],"predecessor-version":[{"id":120,"href":"https:\/\/www.tv2000.it\/fuorionda\/wp-json\/wp\/v2\/pages\/33\/revisions\/120"}],"wp:attachment":[{"href":"https:\/\/www.tv2000.it\/fuorionda\/wp-json\/wp\/v2\/media?parent=33"}],"curies":[{"name":"wp","href":"https:\/\/api.w.org\/{rel}","templated":true}]}}