{"id":8,"date":"2021-09-29T14:49:05","date_gmt":"2021-09-29T12:49:05","guid":{"rendered":"http:\/\/www.tv2000.it\/incammino\/?page_id=8"},"modified":"2022-10-04T11:18:33","modified_gmt":"2022-10-04T09:18:33","slug":"il-programma","status":"publish","type":"page","link":"https:\/\/www.tv2000.it\/incammino\/il-programma\/","title":{"rendered":"Il programma"},"content":{"rendered":"<p align=\"justify\">La Chiesa italiana \u00e8 in cammino e Tv2000 cammina con lei. Ogni giorno uno spazio di racconto, di confronto e di dialogo, per seguire il percorso sinodale in corso, per condividere le esperienze diocesane pi\u00f9 interessante, per approfondire i processi innovativi avviati dalle Chiese locali.<br \/>\n\u201cIn cammino\u201d seguir\u00e0 con passione e partecipazione le tappe di questo viaggio destinato a condurre nel futuro la comunit\u00e0 dei credenti. E lo far\u00e0 lasciandosi interrogare dalle difficolt\u00e0 che le comunit\u00e0 incontrano e dando testimonianza, nello stesso tempo, della vitalit\u00e0 della Chiesa italiana, della ricchezza dei suoi carismi e dei sui ministeri. Una pluralit\u00e0 di esperienze, proposte e iniziative attraverso le quali Diocesi, parrocchie, congregazioni e movimenti offrono risposte concrete ai bisogni spirituali e materiali delle donne e degli uomini, dei giovani e degli anziani che abitano l\u2019Italia dei nostri giorni.<br \/>\nOgni giorno un luogo diverso, un tema da approfondire, un ospite da ascoltare: per offrire ai telespettatori di Tv2000 la possibilit\u00e0 di vivere un processo sinodale che tanto pi\u00f9 sar\u00e0 vero e generativo quanto pi\u00f9 sar\u00e0 condiviso e partecipato.<\/p>\n<p>dal luned\u00ec al venerd\u00ec dalle 19.30 alle 20.00<\/p>\n<p>Di Dario Quarta, Gennaro Ferrara e Paola Springhetti<br \/>\nConduce Enrico Selleri<\/p>\n<p>&nbsp;<\/p>\n<p>Conduce <em><strong>Enrico Selleri<\/strong><\/em><\/p>\n<p><strong>Dal luned\u00ec al venerd\u00ec alle 19.30<\/strong><\/p>\n<div class=\"rgg-container\" data-rgg-id=\"1\">    <div class=\"rgg-imagegrid captions-title captions-effect-none \" data-rgg-id=\"1\">\n                    <a href=\"https:\/\/www.tv2000.it\/incammino\/wp-content\/uploads\/sites\/66\/2021\/10\/In-cammino-Enrico-Selleri-03-1024x683.jpg\" data-rel=\"rgg\" rel=\"rgg\" title=\"\" class=\"rgg-disabled size-thumbnail rgg-img\" data-src=\"https:\/\/www.tv2000.it\/incammino\/wp-content\/uploads\/sites\/66\/2021\/10\/In-cammino-Enrico-Selleri-03-150x150.jpg\" data-ratio=\"1\" data-height=\"150\" data-width=\"150\" aria-label=\"\">\n                            <\/a>\n                    <a href=\"https:\/\/www.tv2000.it\/incammino\/wp-content\/uploads\/sites\/66\/2021\/10\/In-cammino-Enrico-Selleri-04-1024x683.jpg\" data-rel=\"rgg\" rel=\"rgg\" title=\"\" class=\"rgg-disabled size-thumbnail rgg-img\" data-src=\"https:\/\/www.tv2000.it\/incammino\/wp-content\/uploads\/sites\/66\/2021\/10\/In-cammino-Enrico-Selleri-04-150x150.jpg\" data-ratio=\"1\" data-height=\"150\" data-width=\"150\" aria-label=\"\">\n                            <\/a>\n                    <a href=\"https:\/\/www.tv2000.it\/incammino\/wp-content\/uploads\/sites\/66\/2021\/10\/In-cammino-Enrico-Selleri-05-1024x683.jpg\" data-rel=\"rgg\" rel=\"rgg\" title=\"\" class=\"rgg-disabled size-thumbnail rgg-img\" data-src=\"https:\/\/www.tv2000.it\/incammino\/wp-content\/uploads\/sites\/66\/2021\/10\/In-cammino-Enrico-Selleri-05-150x150.jpg\" data-ratio=\"1\" data-height=\"150\" data-width=\"150\" aria-label=\"\">\n                            <\/a>\n                    <a href=\"https:\/\/www.tv2000.it\/incammino\/wp-content\/uploads\/sites\/66\/2021\/10\/In-cammino-Enrico-Selleri-09-1024x683.jpg\" data-rel=\"rgg\" rel=\"rgg\" title=\"\" class=\"rgg-disabled size-thumbnail rgg-img\" data-src=\"https:\/\/www.tv2000.it\/incammino\/wp-content\/uploads\/sites\/66\/2021\/10\/In-cammino-Enrico-Selleri-09-150x150.jpg\" data-ratio=\"1\" data-height=\"150\" data-width=\"150\" aria-label=\"\">\n                            <\/a>\n                    <a href=\"https:\/\/www.tv2000.it\/incammino\/wp-content\/uploads\/sites\/66\/2021\/10\/In-cammino-Enrico-Selleri-022-1024x683.jpg\" data-rel=\"rgg\" rel=\"rgg\" title=\"\" class=\"rgg-disabled size-thumbnail rgg-img\" data-src=\"https:\/\/www.tv2000.it\/incammino\/wp-content\/uploads\/sites\/66\/2021\/10\/In-cammino-Enrico-Selleri-022-150x150.jpg\" data-ratio=\"1\" data-height=\"150\" data-width=\"150\" aria-label=\"\">\n                            <\/a>\n                    <a href=\"https:\/\/www.tv2000.it\/incammino\/wp-content\/uploads\/sites\/66\/2021\/10\/In-cammino-squadra-1024x683.jpg\" data-rel=\"rgg\" rel=\"rgg\" title=\"\" class=\"rgg-disabled size-thumbnail rgg-img\" data-src=\"https:\/\/www.tv2000.it\/incammino\/wp-content\/uploads\/sites\/66\/2021\/10\/In-cammino-squadra-150x150.jpg\" data-ratio=\"1\" data-height=\"150\" data-width=\"150\" aria-label=\"\">\n                            <\/a>\n                    <a href=\"https:\/\/www.tv2000.it\/incammino\/wp-content\/uploads\/sites\/66\/2021\/10\/In-cammino-studio-02-683x1024.jpg\" data-rel=\"rgg\" rel=\"rgg\" title=\"\" class=\"rgg-disabled size-thumbnail rgg-img\" data-src=\"https:\/\/www.tv2000.it\/incammino\/wp-content\/uploads\/sites\/66\/2021\/10\/In-cammino-studio-02-150x150.jpg\" data-ratio=\"1\" data-height=\"150\" data-width=\"150\" aria-label=\"\">\n                            <\/a>\n                    <a href=\"https:\/\/www.tv2000.it\/incammino\/wp-content\/uploads\/sites\/66\/2021\/10\/In-cammino-Dario-Quarta-e-Enrico-Selleri1-1024x683.jpg\" data-rel=\"rgg\" rel=\"rgg\" title=\"\" class=\"rgg-disabled size-thumbnail rgg-img\" data-src=\"https:\/\/www.tv2000.it\/incammino\/wp-content\/uploads\/sites\/66\/2021\/10\/In-cammino-Dario-Quarta-e-Enrico-Selleri1-150x150.jpg\" data-ratio=\"1\" data-height=\"150\" data-width=\"150\" aria-label=\"\">\n                            <\/a>\n            <\/div>\n<\/div>\n","protected":false},"excerpt":{"rendered":"La Chiesa italiana \u00e8 in cammino e Tv2000 cammina con lei. Ogni giorno uno spazio di racconto, di confronto e di dialogo, per seguire il percorso sinodale in corso, per condividere le esperienze diocesane pi\u00f9 interessante, per approfondire i processi innovativi avviati dalle Chiese locali. \u201cIn cammino\u201d seguir\u00e0 con passione e partecipazione le tappe di [&hellip;]","protected":false},"author":6,"featured_media":0,"parent":0,"menu_order":0,"comment_status":"closed","ping_status":"closed","template":"","meta":{"_acf_changed":false,"footnotes":""},"class_list":["post-8","page","type-page","status-publish","hentry"],"acf":[],"aioseo_notices":[],"_links":{"self":[{"href":"https:\/\/www.tv2000.it\/incammino\/wp-json\/wp\/v2\/pages\/8","targetHints":{"allow":["GET"]}}],"collection":[{"href":"https:\/\/www.tv2000.it\/incammino\/wp-json\/wp\/v2\/pages"}],"about":[{"href":"https:\/\/www.tv2000.it\/incammino\/wp-json\/wp\/v2\/types\/page"}],"author":[{"embeddable":true,"href":"https:\/\/www.tv2000.it\/incammino\/wp-json\/wp\/v2\/users\/6"}],"replies":[{"embeddable":true,"href":"https:\/\/www.tv2000.it\/incammino\/wp-json\/wp\/v2\/comments?post=8"}],"version-history":[{"count":10,"href":"https:\/\/www.tv2000.it\/incammino\/wp-json\/wp\/v2\/pages\/8\/revisions"}],"predecessor-version":[{"id":660,"href":"https:\/\/www.tv2000.it\/incammino\/wp-json\/wp\/v2\/pages\/8\/revisions\/660"}],"wp:attachment":[{"href":"https:\/\/www.tv2000.it\/incammino\/wp-json\/wp\/v2\/media?parent=8"}],"curies":[{"name":"wp","href":"https:\/\/api.w.org\/{rel}","templated":true}]}}