{"id":10,"date":"2017-09-25T19:40:09","date_gmt":"2017-09-25T17:40:09","guid":{"rendered":"http:\/\/www.tv2000.it\/missionepossibile\/?page_id=10"},"modified":"2017-10-02T14:54:55","modified_gmt":"2017-10-02T12:54:55","slug":"il-programma","status":"publish","type":"page","link":"https:\/\/www.tv2000.it\/missionepossibile\/il-programma\/","title":{"rendered":"Il programma"},"content":{"rendered":"<p>Un viaggio nel mondo alla scoperta dei missionari e il loro messaggio di speranza portato in realt\u00e0 difficili e spesso dimenticate. \u00c8 il nuovo programma di Tv2000 che racconta l&#8217;esperienza da volontario nelle missioni dell\u2019 inviato di \u2018Striscia la notizia\u2019 Max Laudadio. Sei puntate (1-8-15- 22-29 ottobre e domenica 5 novembre) che attraversano le periferie geografiche ed esistenziali e in cui viene raccontata la Chiesa in uscita cara a Papa Francesco. Storie di bene che parlano ai credenti e non credenti.<br \/>\nUn programma di Loredana Bonora, Max Laudadio e Giuseppe Carrieri con la regia di Giuseppe Carrieri. Consulenza redazionale di Gerolamo Fazzini e Lorenzo Fazzini. I luoghi di missione: Haiti, Benin, Giordania.<\/p>\n<p><strong>Ad Haiti\u00a0<\/strong>Laudadio incontra suor Marcella Catozza, che tra i rifiuti fa rifiorire la speranza. Nei dintorni della capitale Port-au-Prince c\u2019\u00e8 una discarica dove la gente cerca cibo e oggetti da rivendere; l\u00ec vivono 70 mila persone, e suor Marcella, missionaria francescana, sta provando a restituire speranza ai pi\u00f9 lontani.<\/p>\n<p><strong>Nel Benin<\/strong>\u00a0gli storpi camminano, sono i miracoli di \u00a0fra\u2019 Fiorenzo Priuli, chirurgo missionario bresciano, \u00a045 anni d\u2019Africa. Ha curato migliaia di persone e ha scoperto che una pianta locale rallenta la malattia pi\u00f9 pericolosa del continente, l\u2019Aids. Fra\u2019 Lorenzo \u00e8 diventato un faro per migliaia di pazienti africani, consulente dell\u2019Oms per l\u2019Aids e le malattie infettive.<\/p>\n<p><strong>In Giordania<\/strong>\u00a0Sermig Madaba, l\u2019Arsenale dell\u2019Incontro, nasce come segno di dialogo e accoglie bambini e giovani diversamente abili. Una realt\u00e0 in cui musulmani e cristiani vivono da fratelli, rispettandosi e dialogando per la tutela di un bene comune: i figli, specialmente quelli pi\u00f9 in difficolt\u00e0.<\/p>\n<p>&nbsp;<br \/>\n<iframe width=\"645\" height=\"400\" src=\"https:\/\/www.youtube.com\/embed\/b3pTbZ2z3tQ\" frameborder=\"0\" allowfullscreen><\/iframe><\/p>\n<p><img decoding=\"async\" class=\"aligncenter size-large wp-image-23\" src=\"http:\/\/www.tv2000.it\/missionepossibile\/wp-content\/uploads\/sites\/52\/2017\/09\/04-Missione-Possibile-haiti-1-1024x768.jpg\" alt=\"\" width=\"640\" height=\"480\" srcset=\"https:\/\/www.tv2000.it\/missionepossibile\/wp-content\/uploads\/sites\/52\/2017\/09\/04-Missione-Possibile-haiti-1-1024x768.jpg 1024w, https:\/\/www.tv2000.it\/missionepossibile\/wp-content\/uploads\/sites\/52\/2017\/09\/04-Missione-Possibile-haiti-1-300x225.jpg 300w, https:\/\/www.tv2000.it\/missionepossibile\/wp-content\/uploads\/sites\/52\/2017\/09\/04-Missione-Possibile-haiti-1-768x576.jpg 768w, https:\/\/www.tv2000.it\/missionepossibile\/wp-content\/uploads\/sites\/52\/2017\/09\/04-Missione-Possibile-haiti-1-36x27.jpg 36w, https:\/\/www.tv2000.it\/missionepossibile\/wp-content\/uploads\/sites\/52\/2017\/09\/04-Missione-Possibile-haiti-1-280x210.jpg 280w, https:\/\/www.tv2000.it\/missionepossibile\/wp-content\/uploads\/sites\/52\/2017\/09\/04-Missione-Possibile-haiti-1-650x488.jpg 650w, https:\/\/www.tv2000.it\/missionepossibile\/wp-content\/uploads\/sites\/52\/2017\/09\/04-Missione-Possibile-haiti-1-600x450.jpg 600w, https:\/\/www.tv2000.it\/missionepossibile\/wp-content\/uploads\/sites\/52\/2017\/09\/04-Missione-Possibile-haiti-1.jpg 1600w\" sizes=\"(max-width: 640px) 100vw, 640px\" \/><\/p>\n","protected":false},"excerpt":{"rendered":"Un viaggio nel mondo alla scoperta dei missionari e il loro messaggio di speranza portato in realt\u00e0 difficili e spesso dimenticate. \u00c8 il nuovo programma di Tv2000 che racconta l&#8217;esperienza da volontario nelle missioni dell\u2019 inviato di \u2018Striscia la notizia\u2019 Max Laudadio. Sei puntate (1-8-15- 22-29 ottobre e domenica 5 novembre) che attraversano le periferie [&hellip;]","protected":false},"author":6,"featured_media":0,"parent":0,"menu_order":0,"comment_status":"closed","ping_status":"closed","template":"","meta":{"_acf_changed":false,"footnotes":""},"class_list":["post-10","page","type-page","status-publish","hentry"],"acf":[],"aioseo_notices":[],"_links":{"self":[{"href":"https:\/\/www.tv2000.it\/missionepossibile\/wp-json\/wp\/v2\/pages\/10","targetHints":{"allow":["GET"]}}],"collection":[{"href":"https:\/\/www.tv2000.it\/missionepossibile\/wp-json\/wp\/v2\/pages"}],"about":[{"href":"https:\/\/www.tv2000.it\/missionepossibile\/wp-json\/wp\/v2\/types\/page"}],"author":[{"embeddable":true,"href":"https:\/\/www.tv2000.it\/missionepossibile\/wp-json\/wp\/v2\/users\/6"}],"replies":[{"embeddable":true,"href":"https:\/\/www.tv2000.it\/missionepossibile\/wp-json\/wp\/v2\/comments?post=10"}],"version-history":[{"count":9,"href":"https:\/\/www.tv2000.it\/missionepossibile\/wp-json\/wp\/v2\/pages\/10\/revisions"}],"predecessor-version":[{"id":69,"href":"https:\/\/www.tv2000.it\/missionepossibile\/wp-json\/wp\/v2\/pages\/10\/revisions\/69"}],"wp:attachment":[{"href":"https:\/\/www.tv2000.it\/missionepossibile\/wp-json\/wp\/v2\/media?parent=10"}],"curies":[{"name":"wp","href":"https:\/\/api.w.org\/{rel}","templated":true}]}}