{"id":26,"date":"2016-06-29T18:58:47","date_gmt":"2016-06-29T16:58:47","guid":{"rendered":"http:\/\/www.tv2000.it\/omgcracovia\/?page_id=26"},"modified":"2016-07-15T19:24:23","modified_gmt":"2016-07-15T17:24:23","slug":"il-programma","status":"publish","type":"page","link":"https:\/\/www.tv2000.it\/omgcracovia\/il-programma\/","title":{"rendered":"Il programma"},"content":{"rendered":"<p>Sette ragazzi, dai 16 ai 18 anni, partecipano alla Giornata Mondiale della Giovent\u00f9 2016 che si svolge dal 25 luglio a Cracovia.<\/p>\n<p>Provenienti da mondi culturali non omogenei alla Chiesa cattolica, oltre che da ambienti molto diversi tra loro, sono inseriti in un gruppo diocesano italiano e hanno il compito di raccontare la loro esperienza come \u201cinfiltrati\u201d nel gruppo.<\/p>\n<p>Muniti di <em>smartphone<\/em> attrezzati per le riprese,\u00a0 sono impiegati come \u201cnarratori\u201d della GMG e partecipano a tutti gli appuntamenti previsti dal grande evento ecclesiale, tra Cracovia, Czestochowa e Auschwitz.\u00a0 Ma il loro compito \u00e8 pi\u00f9 complesso perch\u00e9 seguono il gruppo individuato, quello della diocesi di Perugia, guidato da Mons. Paolo Giulietti, vescovo ausiliare della citt\u00e0, anche nella fase preparatoria. Sono in tutto e per tutto coinvolti nelle attivit\u00e0 e nel programma approntato dall\u2019ufficio di pastorale giovanile della diocesi di Perugia e in pi\u00f9 lavorano quotidianamente al racconto televisivo e a quello sui social.<\/p>\n<p>La mission del progetto, nato da una idea di Cristiana Caricato, vaticanista di Tv2000,\u00a0 \u00e8 quella di raccontare la Giornata Mondiale della Giovent\u00f9 usando lo stesso linguaggio dei teen-ager, escludendo qualsiasi mediazione e allo stesso tempo garantendo uno \u201csguardo esterno\u201d all\u2019evento ecclesiale.<\/p>\n<p>Le loro impressioni, i commenti e i video da loro realizzati, sono trasmessi in una striscia quotidiana di 30\u2019\u00a0 su Tv2000.<\/p>\n<p>I loro contributi saranno condivisi sui social e sul sito di Tv2000.<\/p>\n<p>&nbsp;<\/p>\n<p><strong>I magnifici sette:<\/strong><\/p>\n<p>Yasmina Maiga, 17 anni, vive a Roma<\/p>\n<p>Ismela Lemasle, 17 anni, nata ad Haiti, vive a Roma<\/p>\n<p>Federica Evangeline Murro, 18 anni, vive a Roma<\/p>\n<p>Michele Dell&#8217;Aquila, 16 anni, vive a Roma<\/p>\n<p>Matteo Malaisi, 19 anni, vive a Milano<\/p>\n<p>Lorenzo Valentini, 16 anni, viene dal Brasile, ora vive a Perugia<\/p>\n<p>Gianluca Ingangi, 18 anni, vive a Scampia<\/p>\n<p><span style=\"line-height: 115%; font-family: 'Cambria','serif'; font-size: 14pt;\"><span style=\"color: #000000;\">\u00a0<\/span><\/span><\/p>\n<p>&nbsp;<\/p>\n","protected":false},"excerpt":{"rendered":"<p>Sette ragazzi, dai 16 ai 18 anni, partecipano alla Giornata Mondiale della Giovent\u00f9 2016 che si svolge dal 25 luglio a Cracovia. Provenienti da mondi culturali non omogenei alla Chiesa cattolica, oltre che da ambienti molto diversi tra loro, sono inseriti in un gruppo diocesano italiano e hanno il compito di raccontare la loro esperienza [&hellip;]<\/p>\n","protected":false},"author":15,"featured_media":38,"parent":0,"menu_order":0,"comment_status":"open","ping_status":"open","template":"","meta":{"_acf_changed":false,"footnotes":""},"class_list":["post-26","page","type-page","status-publish","has-post-thumbnail","hentry"],"acf":[],"aioseo_notices":[],"_links":{"self":[{"href":"https:\/\/www.tv2000.it\/omgcracovia\/wp-json\/wp\/v2\/pages\/26","targetHints":{"allow":["GET"]}}],"collection":[{"href":"https:\/\/www.tv2000.it\/omgcracovia\/wp-json\/wp\/v2\/pages"}],"about":[{"href":"https:\/\/www.tv2000.it\/omgcracovia\/wp-json\/wp\/v2\/types\/page"}],"author":[{"embeddable":true,"href":"https:\/\/www.tv2000.it\/omgcracovia\/wp-json\/wp\/v2\/users\/15"}],"replies":[{"embeddable":true,"href":"https:\/\/www.tv2000.it\/omgcracovia\/wp-json\/wp\/v2\/comments?post=26"}],"version-history":[{"count":14,"href":"https:\/\/www.tv2000.it\/omgcracovia\/wp-json\/wp\/v2\/pages\/26\/revisions"}],"predecessor-version":[{"id":197,"href":"https:\/\/www.tv2000.it\/omgcracovia\/wp-json\/wp\/v2\/pages\/26\/revisions\/197"}],"wp:featuredmedia":[{"embeddable":true,"href":"https:\/\/www.tv2000.it\/omgcracovia\/wp-json\/wp\/v2\/media\/38"}],"wp:attachment":[{"href":"https:\/\/www.tv2000.it\/omgcracovia\/wp-json\/wp\/v2\/media?parent=26"}],"curies":[{"name":"wp","href":"https:\/\/api.w.org\/{rel}","templated":true}]}}