{"id":22,"date":"2015-02-17T22:15:55","date_gmt":"2015-02-17T21:15:55","guid":{"rendered":"http:\/\/www.tv2000.it\/revolution\/?page_id=22"},"modified":"2016-01-10T17:25:18","modified_gmt":"2016-01-10T16:25:18","slug":"la-conduttrice-arianna-ciampoli","status":"publish","type":"page","link":"https:\/\/www.tv2000.it\/revolution\/la-conduttrice-arianna-ciampoli\/","title":{"rendered":"Arianna e Virginia"},"content":{"rendered":"<p>&nbsp;<\/p>\n<figure id=\"attachment_865\" aria-describedby=\"caption-attachment-865\" style=\"width: 300px\" class=\"wp-caption aligncenter\"><a href=\"http:\/\/www.tv2000.it\/revolution\/wp-content\/uploads\/sites\/7\/2016\/01\/Arianna-e-Virginia.jpg\"><img decoding=\"async\" class=\"size-medium wp-image-865\" src=\"http:\/\/www.tv2000.it\/revolution\/wp-content\/uploads\/sites\/7\/2016\/01\/Arianna-e-Virginia-300x200.jpg\" alt=\"Arianna Ciampoli e Claudia Benassi\" width=\"300\" height=\"200\" srcset=\"https:\/\/www.tv2000.it\/revolution\/wp-content\/uploads\/sites\/7\/2016\/01\/Arianna-e-Virginia-300x200.jpg 300w, https:\/\/www.tv2000.it\/revolution\/wp-content\/uploads\/sites\/7\/2016\/01\/Arianna-e-Virginia-768x512.jpg 768w, https:\/\/www.tv2000.it\/revolution\/wp-content\/uploads\/sites\/7\/2016\/01\/Arianna-e-Virginia-1024x683.jpg 1024w, https:\/\/www.tv2000.it\/revolution\/wp-content\/uploads\/sites\/7\/2016\/01\/Arianna-e-Virginia-41x27.jpg 41w, https:\/\/www.tv2000.it\/revolution\/wp-content\/uploads\/sites\/7\/2016\/01\/Arianna-e-Virginia-280x187.jpg 280w, https:\/\/www.tv2000.it\/revolution\/wp-content\/uploads\/sites\/7\/2016\/01\/Arianna-e-Virginia-650x433.jpg 650w\" sizes=\"(max-width: 300px) 100vw, 300px\" \/><\/a><figcaption id=\"caption-attachment-865\" class=\"wp-caption-text\">Arianna Ciampoli e Claudia Benassi<\/figcaption><\/figure>\n<p><strong>ARIANNA CIAMPOLI, la conduttrice<\/strong><\/p>\n<p>\u00c8 la prima conduttrice \u201cinconsapevole\u201d nella storia della televisione italiana: \u00a0come Dante entra nella \u201cselva oscura\u201d dello studio senza sapere cosa succeder\u00e0, chi saranno gli ospiti, come verr\u00e0 trattato il tema. Una scoperta autentica quella che fa Arianna in ogni puntata e che conferma l\u2019anima da Listen show dell\u2019edizione precedente di Revolution.<\/p>\n<p>Dice di lei:<\/p>\n<p>&#8211; A 15 anni inizio a lavorare in radio a Pescara, la mia citt\u00e0.<br \/>\n&#8211; A 21 parto. Roma\\ Bologna\\ Milano\\ Napoli e ritorno.<br \/>\n&#8211; E&#8217; arrivata la tv (Tv donna &#8211; Tappeto volante, Telemontecarlo).<br \/>\n&#8211; Da allora non ho smesso di fare domande:\u00a0 ai piccoli (La banda dello zecchino &#8211; Solletico, Raiuno), ai ragazzi ( 1&#215;1, Tv2000) e ai grandi (Cominciamo bene, Raitre &#8211; Formato famiglia, Tv2000 &#8211; Telethon &#8211; Romanzo familiare, TV2000 &#8211; Tutta la vita davanti, La7).<br \/>\n&#8211; Non potrei non chiedermi, non chiedere.<br \/>\n&#8211; Mi nutro delle facce, delle storie che ascolto.<br \/>\n&#8211; E di musica.<br \/>\n&#8211; E di nutella.<\/p>\n<p>&nbsp;<\/p>\n<p><strong>CLAUDIA BENASSI, \u00a0la \u201cVirginia\u201d di Revolution<\/strong><\/p>\n<p>Cos\u00ec dice di s\u00e9:<\/p>\n<p>&#8220;Il mio percorso inizia a diciotto anni all&#8217;Accademia Nazionale D&#8217;Arte Drammatica &#8220;Silvio D&#8217;Amico&#8221;, da l\u00ec non ho pi\u00f9 smesso di cercare maestri che potessero nutrire e formare la mia personalit\u00e0 artistica.<br \/>\nNel 2009 inizia la mia collaborazione con Emma Dante e la Compagnia Sud Costa Occidentale. \u00c8 l&#8217;anno di &#8220;Carmen&#8221; di G.Bizet al Teatro alla Scala di Milano e successivamente, con la &#8220;Trilogia degli occhiali&#8221; comincio una lunga tourn\u00e9e in Italia e all&#8217;estero.Nel 2014 recito in &#8220;Coefore-Eumenidi&#8221; di Eschilo al Teatro Greco di Siracusa per la regia di Daniele Salvo e l&#8217;anno successivo in &#8220;Pilade&#8221; di P. P. Pasolini diretta dallo stesso Salvo.<br \/>\nIl teatro \u00e8 da sempre la mia isola di libert\u00e0, la stanza dei giochi che non ho mai abbandonato, il luogo dove l&#8217;impossibile diventa possibile, dove tutto \u00e8 finto ma niente \u00e8 falso. Ed \u00e8 su questo colorato e stravagante carrozzone che approdo a Revolution&#8230; che emozione!&#8221;<\/p>\n","protected":false},"excerpt":{"rendered":"&nbsp; ARIANNA CIAMPOLI, la conduttrice \u00c8 la prima conduttrice \u201cinconsapevole\u201d nella storia della televisione italiana: \u00a0come Dante entra nella \u201cselva oscura\u201d dello studio senza sapere cosa succeder\u00e0, chi saranno gli ospiti, come verr\u00e0 trattato il tema. Una scoperta autentica quella che fa Arianna in ogni puntata e che conferma l\u2019anima da Listen show dell\u2019edizione precedente [&hellip;]","protected":false},"author":1,"featured_media":865,"parent":0,"menu_order":0,"comment_status":"open","ping_status":"open","template":"","meta":{"_acf_changed":false,"footnotes":""},"class_list":["post-22","page","type-page","status-publish","has-post-thumbnail","hentry"],"acf":[],"aioseo_notices":[],"_links":{"self":[{"href":"https:\/\/www.tv2000.it\/revolution\/wp-json\/wp\/v2\/pages\/22","targetHints":{"allow":["GET"]}}],"collection":[{"href":"https:\/\/www.tv2000.it\/revolution\/wp-json\/wp\/v2\/pages"}],"about":[{"href":"https:\/\/www.tv2000.it\/revolution\/wp-json\/wp\/v2\/types\/page"}],"author":[{"embeddable":true,"href":"https:\/\/www.tv2000.it\/revolution\/wp-json\/wp\/v2\/users\/1"}],"replies":[{"embeddable":true,"href":"https:\/\/www.tv2000.it\/revolution\/wp-json\/wp\/v2\/comments?post=22"}],"version-history":[{"count":14,"href":"https:\/\/www.tv2000.it\/revolution\/wp-json\/wp\/v2\/pages\/22\/revisions"}],"predecessor-version":[{"id":873,"href":"https:\/\/www.tv2000.it\/revolution\/wp-json\/wp\/v2\/pages\/22\/revisions\/873"}],"wp:featuredmedia":[{"embeddable":true,"href":"https:\/\/www.tv2000.it\/revolution\/wp-json\/wp\/v2\/media\/865"}],"wp:attachment":[{"href":"https:\/\/www.tv2000.it\/revolution\/wp-json\/wp\/v2\/media?parent=22"}],"curies":[{"name":"wp","href":"https:\/\/api.w.org\/{rel}","templated":true}]}}