{"id":6,"date":"2015-03-05T12:47:56","date_gmt":"2015-03-05T11:47:56","guid":{"rendered":"http:\/\/www.tv2000.it\/soul\/?page_id=6"},"modified":"2025-01-13T18:17:56","modified_gmt":"2025-01-13T17:17:56","slug":"il-programma","status":"publish","type":"page","link":"https:\/\/www.tv2000.it\/soul\/il-programma\/","title":{"rendered":"Il programma"},"content":{"rendered":"<p><img decoding=\"async\" class=\"aligncenter size-large wp-image-1682\" src=\"https:\/\/www.tv2000.it\/soul\/wp-content\/uploads\/sites\/24\/2021\/12\/008-1024x683.jpg\" alt=\"\" width=\"640\" height=\"427\" srcset=\"https:\/\/www.tv2000.it\/soul\/wp-content\/uploads\/sites\/24\/2021\/12\/008-1024x683.jpg 1024w, https:\/\/www.tv2000.it\/soul\/wp-content\/uploads\/sites\/24\/2021\/12\/008-300x200.jpg 300w, https:\/\/www.tv2000.it\/soul\/wp-content\/uploads\/sites\/24\/2021\/12\/008-768x512.jpg 768w, https:\/\/www.tv2000.it\/soul\/wp-content\/uploads\/sites\/24\/2021\/12\/008-41x27.jpg 41w, https:\/\/www.tv2000.it\/soul\/wp-content\/uploads\/sites\/24\/2021\/12\/008-280x187.jpg 280w, https:\/\/www.tv2000.it\/soul\/wp-content\/uploads\/sites\/24\/2021\/12\/008-650x433.jpg 650w\" sizes=\"(max-width: 640px) 100vw, 640px\" \/><\/p>\n<p style=\"text-align: justify;\">Titolo ambizioso per un\u2019idea semplice: incontrare \u201cfino in fondo all\u2019anima\u201d uomini e donne che interessano, che incuriosiscono per il loro spessore culturale e umano.<br \/>\nDa una galleria di immagini sveliamo i protagonisti del nostro tempo, impegnati in politica, nell\u2019arte, nello sport, nei dibattiti pi\u00f9 attuali, intervistati non perch\u00e9 famosi, ma perch\u00e9 hanno qualcosa di vero da dire; per raccontare la loro storia in un dialogo libero e confidenziale; per capire in cosa credono, cosa temono, cosa sperano.<br \/>\nUn confronto a tu per tu libero, spontaneo, con uomini e donne capaci di suscitare la ragione e il cuore.<br \/>\nUna galleria che conta ormai pi\u00f9 di 500 volti e che non pu\u00f2 fermarsi, perch\u00e9 ogni uomo \u00e8 un\u2019isola da esplorare.<\/p>\n<p>ogni domenica alle 21.05 e&nbsp;mercoled\u00ec ore 22.30<br \/>\nil luned\u00ec alle 21 anche su InBlu2000<\/p>\n<p>Di e con Monica Mondo<\/p>\n","protected":false},"excerpt":{"rendered":"Titolo ambizioso per un\u2019idea semplice: incontrare \u201cfino in fondo all\u2019anima\u201d uomini e donne che interessano, che incuriosiscono per il loro spessore culturale e umano. Da una galleria di immagini sveliamo i protagonisti del nostro tempo, impegnati in politica, nell\u2019arte, nello sport, nei dibattiti pi\u00f9 attuali, intervistati non perch\u00e9 famosi, ma perch\u00e9 hanno qualcosa di vero [&hellip;]","protected":false},"author":1,"featured_media":0,"parent":0,"menu_order":0,"comment_status":"open","ping_status":"open","template":"","meta":{"_acf_changed":false,"footnotes":""},"class_list":["post-6","page","type-page","status-publish","hentry"],"acf":[],"aioseo_notices":[],"_links":{"self":[{"href":"https:\/\/www.tv2000.it\/soul\/wp-json\/wp\/v2\/pages\/6","targetHints":{"allow":["GET"]}}],"collection":[{"href":"https:\/\/www.tv2000.it\/soul\/wp-json\/wp\/v2\/pages"}],"about":[{"href":"https:\/\/www.tv2000.it\/soul\/wp-json\/wp\/v2\/types\/page"}],"author":[{"embeddable":true,"href":"https:\/\/www.tv2000.it\/soul\/wp-json\/wp\/v2\/users\/1"}],"replies":[{"embeddable":true,"href":"https:\/\/www.tv2000.it\/soul\/wp-json\/wp\/v2\/comments?post=6"}],"version-history":[{"count":28,"href":"https:\/\/www.tv2000.it\/soul\/wp-json\/wp\/v2\/pages\/6\/revisions"}],"predecessor-version":[{"id":36562,"href":"https:\/\/www.tv2000.it\/soul\/wp-json\/wp\/v2\/pages\/6\/revisions\/36562"}],"wp:attachment":[{"href":"https:\/\/www.tv2000.it\/soul\/wp-json\/wp\/v2\/media?parent=6"}],"curies":[{"name":"wp","href":"https:\/\/api.w.org\/{rel}","templated":true}]}}