{"id":8,"date":"2024-09-23T17:16:56","date_gmt":"2024-09-23T15:16:56","guid":{"rendered":"https:\/\/www.tv2000.it\/terramater\/?page_id=8"},"modified":"2025-10-23T16:32:51","modified_gmt":"2025-10-23T14:32:51","slug":"il-programma","status":"publish","type":"page","link":"https:\/\/www.tv2000.it\/terramater\/il-programma\/","title":{"rendered":"Il programma"},"content":{"rendered":"<p><img decoding=\"async\" class=\"size-large wp-image-1644\" src=\"https:\/\/www.tv2000.it\/terramater\/wp-content\/uploads\/sites\/80\/2025\/10\/Terramater2025-81-1024x683.jpg\" alt=\"\" width=\"640\" height=\"427\" srcset=\"https:\/\/www.tv2000.it\/terramater\/wp-content\/uploads\/sites\/80\/2025\/10\/Terramater2025-81-1024x683.jpg 1024w, https:\/\/www.tv2000.it\/terramater\/wp-content\/uploads\/sites\/80\/2025\/10\/Terramater2025-81-300x200.jpg 300w, https:\/\/www.tv2000.it\/terramater\/wp-content\/uploads\/sites\/80\/2025\/10\/Terramater2025-81-768x512.jpg 768w, https:\/\/www.tv2000.it\/terramater\/wp-content\/uploads\/sites\/80\/2025\/10\/Terramater2025-81-1536x1024.jpg 1536w, https:\/\/www.tv2000.it\/terramater\/wp-content\/uploads\/sites\/80\/2025\/10\/Terramater2025-81-2048x1365.jpg 2048w, https:\/\/www.tv2000.it\/terramater\/wp-content\/uploads\/sites\/80\/2025\/10\/Terramater2025-81-41x27.jpg 41w, https:\/\/www.tv2000.it\/terramater\/wp-content\/uploads\/sites\/80\/2025\/10\/Terramater2025-81-280x187.jpg 280w, https:\/\/www.tv2000.it\/terramater\/wp-content\/uploads\/sites\/80\/2025\/10\/Terramater2025-81-650x433.jpg 650w\" sizes=\"(max-width: 640px) 100vw, 640px\" \/><\/p>\n<p>Nella seconda stagione del programma, storie, informazione e intrattenimento ambientale guidano gli spettatori, attraverso brevi documentari e approfondimenti in studio, in un percorso di sensibilizzazione sull\u2019importanza di rispettare la natura e l\u2019altro.<\/p>\n<p>La trasmissione narra storie di territori, ideali e progetti concreti di tutela ambientale. Anche in questa stagione l\u2019astronauta e astrofisico Umberto Guidoni e l\u2019entomologo Gianumberto Accinelli, affiancati da Stefano Mancuso, nome di spicco della scienza e della divulgazione, celebre studioso delle piante, che in ogni puntata spiega il ruolo degli esseri vegetali nell\u2019 ecosistema della Terra con una prospettiva innovativa.<\/p>\n<p>In un\u2019epoca in cui i cambiamenti climatici, l\u2019inquinamento e la perdita di biodiversit\u00e0 rappresentano sfide globali, \u2018Terramater\u2019 sottolinea che la tutela dell\u2019ambiente non \u00e8 pi\u00f9 una scelta, ma una necessit\u00e0 imprescindibile per garantire un futuro sostenibile.<\/p>\n<p>Il programma, si avvale anche della collaborazione di organizzazioni come, Marevivo, Wwf, Guardia Forestale, Cai.<\/p>\n<p>L\u2019obiettivo del programma \u00e8 stimolare l\u2019empatia e l\u2019azione nei confronti delle bellezze del Creato, dimostrando che anche le sfide pi\u00f9 difficili possono essere superate con passione, determinazione e un nuovo modo di concepire il rapporto dell\u2019uomo con il pianeta. Perch\u00e9 la cura della Terra \u00e8 la pi\u00f9 grande sfida e la pi\u00f9 grande opportunit\u00e0 di questo tempo.<\/p>\n","protected":false},"excerpt":{"rendered":"Nella seconda stagione del programma, storie, informazione e intrattenimento ambientale guidano gli spettatori, attraverso brevi documentari e approfondimenti in studio, in un percorso di sensibilizzazione sull\u2019importanza di rispettare la natura e l\u2019altro. La trasmissione narra storie di territori, ideali e progetti concreti di tutela ambientale. Anche in questa stagione l\u2019astronauta e astrofisico Umberto Guidoni e [&hellip;]","protected":false},"author":6,"featured_media":0,"parent":0,"menu_order":0,"comment_status":"closed","ping_status":"closed","template":"","meta":{"_acf_changed":false,"footnotes":""},"class_list":["post-8","page","type-page","status-publish","hentry"],"acf":[],"aioseo_notices":[],"_links":{"self":[{"href":"https:\/\/www.tv2000.it\/terramater\/wp-json\/wp\/v2\/pages\/8","targetHints":{"allow":["GET"]}}],"collection":[{"href":"https:\/\/www.tv2000.it\/terramater\/wp-json\/wp\/v2\/pages"}],"about":[{"href":"https:\/\/www.tv2000.it\/terramater\/wp-json\/wp\/v2\/types\/page"}],"author":[{"embeddable":true,"href":"https:\/\/www.tv2000.it\/terramater\/wp-json\/wp\/v2\/users\/6"}],"replies":[{"embeddable":true,"href":"https:\/\/www.tv2000.it\/terramater\/wp-json\/wp\/v2\/comments?post=8"}],"version-history":[{"count":9,"href":"https:\/\/www.tv2000.it\/terramater\/wp-json\/wp\/v2\/pages\/8\/revisions"}],"predecessor-version":[{"id":1678,"href":"https:\/\/www.tv2000.it\/terramater\/wp-json\/wp\/v2\/pages\/8\/revisions\/1678"}],"wp:attachment":[{"href":"https:\/\/www.tv2000.it\/terramater\/wp-json\/wp\/v2\/media?parent=8"}],"curies":[{"name":"wp","href":"https:\/\/api.w.org\/{rel}","templated":true}]}}