{"id":8,"date":"2015-02-25T11:50:47","date_gmt":"2015-02-25T10:50:47","guid":{"rendered":"http:\/\/www.tv2000.it\/tg2000\/?page_id=8"},"modified":"2025-10-07T16:53:13","modified_gmt":"2025-10-07T14:53:13","slug":"il-programma","status":"publish","type":"page","link":"https:\/\/www.tv2000.it\/tg2000\/il-programma\/","title":{"rendered":"Chi siamo"},"content":{"rendered":"<p>Tutti i giorni dal luned\u00ec alla domenica notiziari quotidiani e rubriche di approfondimento. Servizi, interviste, inviati in Italia e nel mondo per raccontare quel che accade e anticipare i grandi eventi, con particolare attenzione alla realt\u00e0 meno illuminata dai grandi media. Grande attenzione all\u2019affidabilit\u00e0 delle fonti con uno stile non aggressivo; il racconto si affida a uno sguardo diverso, pi\u00f9 umano. L\u2019attivit\u00e0 del Papa e della Chiesa viene raccontata non per dovere istituzionale ma perch\u00e9 nelle parole e nei gesti di Francesco passa tutti i giorni un contenuto esistenziale che intercetta le domande pi\u00f9 importanti di ogni uomo sul senso della vita. Le notizie vengono approfondite con analisi e commenti, per aiutare i telespettatori a discernere e a capire oltre i titoli che scorrono veloci in rete. Cinque edizioni al giorno dal luned\u00ec al sabato: ore 12, 18.30 e 20.45 e due FLASH alle 8.30 e alle 14.55. E due edizioni la domenica ore 18.30 e 20.45.<\/p>\n<p>Direttore: Vincenzo Morgante<\/p>\n","protected":false},"excerpt":{"rendered":"Tutti i giorni dal luned\u00ec alla domenica notiziari quotidiani e rubriche di approfondimento. Servizi, interviste, inviati in Italia e nel mondo per raccontare quel che accade e anticipare i grandi eventi, con particolare attenzione alla realt\u00e0 meno illuminata dai grandi media. Grande attenzione all\u2019affidabilit\u00e0 delle fonti con uno stile non aggressivo; il racconto si affida [&hellip;]","protected":false},"author":1,"featured_media":0,"parent":0,"menu_order":1,"comment_status":"open","ping_status":"open","template":"","meta":{"_acf_changed":false,"footnotes":""},"class_list":["post-8","page","type-page","status-publish","hentry"],"acf":[],"aioseo_notices":[],"_links":{"self":[{"href":"https:\/\/www.tv2000.it\/tg2000\/wp-json\/wp\/v2\/pages\/8","targetHints":{"allow":["GET"]}}],"collection":[{"href":"https:\/\/www.tv2000.it\/tg2000\/wp-json\/wp\/v2\/pages"}],"about":[{"href":"https:\/\/www.tv2000.it\/tg2000\/wp-json\/wp\/v2\/types\/page"}],"author":[{"embeddable":true,"href":"https:\/\/www.tv2000.it\/tg2000\/wp-json\/wp\/v2\/users\/1"}],"replies":[{"embeddable":true,"href":"https:\/\/www.tv2000.it\/tg2000\/wp-json\/wp\/v2\/comments?post=8"}],"version-history":[{"count":20,"href":"https:\/\/www.tv2000.it\/tg2000\/wp-json\/wp\/v2\/pages\/8\/revisions"}],"predecessor-version":[{"id":631447,"href":"https:\/\/www.tv2000.it\/tg2000\/wp-json\/wp\/v2\/pages\/8\/revisions\/631447"}],"wp:attachment":[{"href":"https:\/\/www.tv2000.it\/tg2000\/wp-json\/wp\/v2\/media?parent=8"}],"curies":[{"name":"wp","href":"https:\/\/api.w.org\/{rel}","templated":true}]}}