{"id":8,"date":"2015-02-19T18:04:19","date_gmt":"2015-02-19T17:04:19","guid":{"rendered":"http:\/\/www.tv2000.it\/tgtg\/?page_id=8"},"modified":"2021-10-22T18:29:52","modified_gmt":"2021-10-22T16:29:52","slug":"il-programma","status":"publish","type":"page","link":"https:\/\/www.tv2000.it\/tgtg\/il-programma\/","title":{"rendered":"Il programma"},"content":{"rendered":"<p>Una riflessione sui fatti della giornata, un tema da approfondire e un ospite in studio diverso ogni sera: \u00e8 la formula di Tgtg, striscia quotidiana di approfondimento del Tg2000 condotto da Clara Iatosti, Fabio Bolzetta e Federico Plotti. Si parte dalle aperture dei telegiornali della sera, si prosegue con un focus su un argomento di attualit\u00e0, si prende nota delle notizie salienti della giornata e si conclude con il Dulcis in fundo: una storia, una ricorrenza, un anniversario per chiudere in bellezza.<\/p>\n<p>Condotto da <strong><em>Fabio Bolzetta, Federico Plotti <\/em><\/strong>e<strong><em> Clara Iatosti<\/em><\/strong><\/p>\n<p><strong>Luned\u00ec, marted\u00ec e gioved\u00ec<\/strong> alle 20.50<\/p>\n","protected":false},"excerpt":{"rendered":"Una riflessione sui fatti della giornata, un tema da approfondire e un ospite in studio diverso ogni sera: \u00e8 la formula di Tgtg, striscia quotidiana di approfondimento del Tg2000 condotto da Clara Iatosti, Fabio Bolzetta e Federico Plotti. Si parte dalle aperture dei telegiornali della sera, si prosegue con un focus su un argomento di [&hellip;]","protected":false},"author":1,"featured_media":0,"parent":0,"menu_order":1,"comment_status":"open","ping_status":"open","template":"","meta":{"_acf_changed":false,"footnotes":""},"class_list":["post-8","page","type-page","status-publish","hentry"],"acf":[],"aioseo_notices":[],"_links":{"self":[{"href":"https:\/\/www.tv2000.it\/tgtg\/wp-json\/wp\/v2\/pages\/8","targetHints":{"allow":["GET"]}}],"collection":[{"href":"https:\/\/www.tv2000.it\/tgtg\/wp-json\/wp\/v2\/pages"}],"about":[{"href":"https:\/\/www.tv2000.it\/tgtg\/wp-json\/wp\/v2\/types\/page"}],"author":[{"embeddable":true,"href":"https:\/\/www.tv2000.it\/tgtg\/wp-json\/wp\/v2\/users\/1"}],"replies":[{"embeddable":true,"href":"https:\/\/www.tv2000.it\/tgtg\/wp-json\/wp\/v2\/comments?post=8"}],"version-history":[{"count":25,"href":"https:\/\/www.tv2000.it\/tgtg\/wp-json\/wp\/v2\/pages\/8\/revisions"}],"predecessor-version":[{"id":11396,"href":"https:\/\/www.tv2000.it\/tgtg\/wp-json\/wp\/v2\/pages\/8\/revisions\/11396"}],"wp:attachment":[{"href":"https:\/\/www.tv2000.it\/tgtg\/wp-json\/wp\/v2\/media?parent=8"}],"curies":[{"name":"wp","href":"https:\/\/api.w.org\/{rel}","templated":true}]}}