{"id":2250,"date":"2024-05-14T11:00:32","date_gmt":"2024-05-14T09:00:32","guid":{"rendered":"https:\/\/www.tv2000.it\/tv2000factory\/?page_id=2250"},"modified":"2025-05-02T15:50:32","modified_gmt":"2025-05-02T13:50:32","slug":"chi-siamo","status":"publish","type":"page","link":"https:\/\/www.tv2000.it\/tv2000factory\/chi-siamo\/","title":{"rendered":"Chi Siamo"},"content":{"rendered":"<p>Il progetto di Tv2000 che ha come protagonista il<strong> racconto della realt\u00e0. <\/strong>Tv2000Factory \u00e8 la fabbrica del racconto. L\u2019idea \u00e8 quella di realizzare documentari con linguaggi alternativi e sperimentando nuove tecnologie per conoscere la realt\u00e0 e le sue contraddizioni.<\/p>\n<p>Gli scopi della factory sono molteplici, da una parte, arricchire il palinsesto di prodotti attuali e in sintonia con la linea editoriale di Tv2000, dall\u2019altra, rafforzare il marchio di rete diffondendo queste produzioni attraverso festival e mercati internazionali.<\/p>\n<p>Per ogni documentario si sfrutta la potenza dello <strong>storytelling<\/strong> attraverso contenuti realizzati esclusivamente per il web e i social network con lo scopo di coinvolgere gli utenti attivi su altre piattaforme oltre a quella televisiva.<\/p>\n<p>Il nostro impegno \u00e8 quello di raccontare<strong><em> storie di coraggio e di speranza, di solidariet\u00e0 e di legalit\u00e0 di integrazione, di immigrazione e la diversit\u00e0 in tutte le sue forme<\/em><\/strong>. Senza mai rinunciare ad uno sguardo capace di rivelarne il senso pi\u00f9 vero e profondo.<\/p>\n","protected":false},"excerpt":{"rendered":"<p>Il progetto di Tv2000 che ha come protagonista il racconto della realt\u00e0. Tv2000Factory \u00e8 la fabbrica del racconto. L\u2019idea \u00e8 quella di realizzare documentari con linguaggi alternativi e sperimentando nuove tecnologie per conoscere la realt\u00e0 e le sue contraddizioni. Gli scopi della factory sono molteplici, da una parte, arricchire il palinsesto di prodotti attuali e [&hellip;]<\/p>\n","protected":false},"author":1,"featured_media":0,"parent":0,"menu_order":0,"comment_status":"closed","ping_status":"closed","template":"","meta":[],"acf":[],"aioseo_notices":[],"_links":{"self":[{"href":"https:\/\/www.tv2000.it\/tv2000factory\/wp-json\/wp\/v2\/pages\/2250"}],"collection":[{"href":"https:\/\/www.tv2000.it\/tv2000factory\/wp-json\/wp\/v2\/pages"}],"about":[{"href":"https:\/\/www.tv2000.it\/tv2000factory\/wp-json\/wp\/v2\/types\/page"}],"author":[{"embeddable":true,"href":"https:\/\/www.tv2000.it\/tv2000factory\/wp-json\/wp\/v2\/users\/1"}],"replies":[{"embeddable":true,"href":"https:\/\/www.tv2000.it\/tv2000factory\/wp-json\/wp\/v2\/comments?post=2250"}],"version-history":[{"count":2,"href":"https:\/\/www.tv2000.it\/tv2000factory\/wp-json\/wp\/v2\/pages\/2250\/revisions"}],"predecessor-version":[{"id":3046,"href":"https:\/\/www.tv2000.it\/tv2000factory\/wp-json\/wp\/v2\/pages\/2250\/revisions\/3046"}],"wp:attachment":[{"href":"https:\/\/www.tv2000.it\/tv2000factory\/wp-json\/wp\/v2\/media?parent=2250"}],"curies":[{"name":"wp","href":"https:\/\/api.w.org\/{rel}","templated":true}]}}